{"id":8923,"date":"2025-04-04T14:22:46","date_gmt":"2025-04-04T12:22:46","guid":{"rendered":"https:\/\/spanishbreak.com\/product\/private-boat\/"},"modified":"2025-12-17T13:23:07","modified_gmt":"2025-12-17T12:23:07","slug":"private-boat","status":"publish","type":"product","link":"https:\/\/spanishbreak.com\/fr\/product\/private-boat\/","title":{"rendered":"Bateau Priv\u00e9"},"content":{"rendered":"<p>Naviguez vers le bonheur des enterrements de vie de jeune fille\/gar\u00e7on avec notre exp\u00e9rience exclusive en bateau priv\u00e9 sur l&rsquo;\u00e9blouissante mer M\u00e9diterran\u00e9e ! Votre groupe de 5 personnes maximum profitera du luxe d&rsquo;un bateau de pr\u00e8s de 6 m\u00e8tres dot\u00e9 d&rsquo;un puissant moteur de 100 ch, d&rsquo;un solarium, d&rsquo;une charmante table de pique-nique et d&rsquo;une ambiance musicale, le tout \u00e0 l&rsquo;ombre d&rsquo;un auvent pratique.<\/p>\n<p>Avec un skipper qualifi\u00e9 \u00e0 la barre, votre aventure nautique est entre des mains expertes pendant que vous explorez les eaux \u00e9poustouflantes de la M\u00e9diterran\u00e9e. Personnalisez votre exp\u00e9rience avec des extras optionnels comme une balade en banane palpitante, un canap\u00e9 d\u00e9contract\u00e9 ou l&rsquo;exaltation du wakeboard.<\/p>\n<p>N&rsquo;h\u00e9sitez pas \u00e0 apporter vos collations et boissons pr\u00e9f\u00e9r\u00e9es, cr\u00e9ant ainsi une atmosph\u00e8re personnalis\u00e9e et indulgente \u00e0 bord.<\/p>\n<p>D\u00e9couvrez le charme du littoral m\u00e9diterran\u00e9en tandis que nos skippers exp\u00e9riment\u00e9s vous guident vers des mouillages idylliques, garantissant une baignade s\u00fbre et sans soucis dans des eaux cristallines. Cette location de bateau priv\u00e9 vous garantit un enterrement de vie de jeune fille\/gar\u00e7on intime et inoubliable, o\u00f9 vous pourrez profiter du soleil, savourer la brise marine et cr\u00e9er de pr\u00e9cieux souvenirs avec pour toile de fond la magnifique M\u00e9diterran\u00e9e. Si les conditions m\u00e9t\u00e9orologiques et maritimes le permettent, embarquez pour une c\u00e9l\u00e9bration maritime vraiment sans pareille.<\/p>\n","protected":false},"excerpt":{"rendered":"<p>Naviguez vers le bonheur des enterrements de vie de jeune fille\/gar\u00e7on avec notre exp\u00e9rience exclusive en bateau priv\u00e9 sur l&rsquo;\u00e9blouissante mer M\u00e9diterran\u00e9e ! Votre groupe de 5 personnes maximum profitera du luxe d&rsquo;un bateau de pr\u00e8s de 6 m\u00e8tres dot\u00e9 d&rsquo;un puissant moteur de 100 ch, d&rsquo;un solarium, d&rsquo;une charmante table de pique-nique et d&rsquo;une [&hellip;]<\/p>\n","protected":false},"featured_media":8922,"comment_status":"closed","ping_status":"closed","template":"","meta":{"site-sidebar-layout":"default","site-content-layout":"","ast-site-content-layout":"default","site-content-style":"default","site-sidebar-style":"default","ast-global-header-display":"","ast-banner-title-visibility":"","ast-main-header-display":"","ast-hfb-above-header-display":"","ast-hfb-below-header-display":"","ast-hfb-mobile-header-display":"","site-post-title":"","ast-breadcrumbs-content":"","ast-featured-img":"","footer-sml-layout":"","theme-transparent-header-meta":"default","adv-header-id-meta":"","stick-header-meta":"","header-above-stick-meta":"","header-main-stick-meta":"","header-below-stick-meta":"","astra-migrate-meta-layouts":"set","ast-page-background-enabled":"default","ast-page-background-meta":{"desktop":{"background-color":"var(--ast-global-color-4)","background-image":"","background-repeat":"repeat","background-position":"center center","background-size":"auto","background-attachment":"scroll","background-type":"","background-media":"","overlay-type":"","overlay-color":"","overlay-opacity":"","overlay-gradient":""},"tablet":{"background-color":"","background-image":"","background-repeat":"repeat","background-position":"center center","background-size":"auto","background-attachment":"scroll","background-type":"","background-media":"","overlay-type":"","overlay-color":"","overlay-opacity":"","overlay-gradient":""},"mobile":{"background-color":"","background-image":"","background-repeat":"repeat","background-position":"center center","background-size":"auto","background-attachment":"scroll","background-type":"","background-media":"","overlay-type":"","overlay-color":"","overlay-opacity":"","overlay-gradient":""}},"ast-content-background-meta":{"desktop":{"background-color":"var(--ast-global-color-5)","background-image":"","background-repeat":"repeat","background-position":"center center","background-size":"auto","background-attachment":"scroll","background-type":"","background-media":"","overlay-type":"","overlay-color":"","overlay-opacity":"","overlay-gradient":""},"tablet":{"background-color":"var(--ast-global-color-5)","background-image":"","background-repeat":"repeat","background-position":"center center","background-size":"auto","background-attachment":"scroll","background-type":"","background-media":"","overlay-type":"","overlay-color":"","overlay-opacity":"","overlay-gradient":""},"mobile":{"background-color":"var(--ast-global-color-5)","background-image":"","background-repeat":"repeat","background-position":"center center","background-size":"auto","background-attachment":"scroll","background-type":"","background-media":"","overlay-type":"","overlay-color":"","overlay-opacity":"","overlay-gradient":""}},"repeater_packs":""},"product_brand":[],"product_cat":[68,66,73,87],"product_tag":[],"class_list":{"0":"post-8923","1":"product","2":"type-product","3":"status-publish","4":"has-post-thumbnail","6":"product_cat-day-time-activities","7":"product_cat-hen-fr-2","8":"product_cat-stag-fr","9":"product_cat-water-sports-activities","10":"desktop-align-left","11":"tablet-align-left","12":"mobile-align-left","14":"first","15":"instock","16":"shipping-taxable","17":"product-type-simple"},"yoast_head":"<!-- This site is optimized with the Yoast SEO plugin v26.8 - https:\/\/yoast.com\/product\/yoast-seo-wordpress\/ -->\n<title>Bateau Priv\u00e9 \u00e0 Barcelone<\/title>\n<meta name=\"description\" content=\"Naviguez vers le bonheur des enterrements de vie de jeune fille\/gar\u00e7on avec notre exp\u00e9rience exclusive en bateau priv\u00e9 sur l&#039;\u00e9blouissante mer M\u00e9diterran\u00e9e\" \/>\n<meta name=\"robots\" content=\"index, follow, max-snippet:-1, max-image-preview:large, max-video-preview:-1\" \/>\n<link rel=\"canonical\" href=\"https:\/\/spanishbreak.com\/fr\/product\/private-boat\/\" \/>\n<meta property=\"og:locale\" content=\"fr_FR\" \/>\n<meta property=\"og:type\" content=\"article\" \/>\n<meta property=\"og:title\" content=\"Bateau Priv\u00e9 \u00e0 Barcelone\" \/>\n<meta property=\"og:description\" content=\"Naviguez vers le bonheur des enterrements de vie de jeune fille\/gar\u00e7on avec notre exp\u00e9rience exclusive en bateau priv\u00e9 sur l&#039;\u00e9blouissante mer M\u00e9diterran\u00e9e\" \/>\n<meta property=\"og:url\" content=\"https:\/\/spanishbreak.com\/fr\/product\/private-boat\/\" \/>\n<meta property=\"og:site_name\" content=\"Spanishbreak\" \/>\n<meta property=\"article:publisher\" content=\"https:\/\/www.facebook.com\/spanishbreak\" \/>\n<meta property=\"article:modified_time\" content=\"2025-12-17T12:23:07+00:00\" \/>\n<meta property=\"og:image\" content=\"https:\/\/spanishbreak.com\/wp-content\/uploads\/2025\/04\/550-sol3.jpg\" \/>\n\t<meta property=\"og:image:width\" content=\"1200\" \/>\n\t<meta property=\"og:image:height\" content=\"628\" \/>\n\t<meta property=\"og:image:type\" content=\"image\/jpeg\" \/>\n<meta name=\"twitter:card\" content=\"summary_large_image\" \/>\n<meta name=\"twitter:label1\" content=\"Dur\u00e9e de lecture estim\u00e9e\" \/>\n\t<meta name=\"twitter:data1\" content=\"2 minutes\" \/>\n<script type=\"application\/ld+json\" class=\"yoast-schema-graph\">{\"@context\":\"https:\/\/schema.org\",\"@graph\":[{\"@type\":[\"WebPage\",\"ItemPage\"],\"@id\":\"https:\/\/spanishbreak.com\/fr\/product\/private-boat\/\",\"url\":\"https:\/\/spanishbreak.com\/fr\/product\/private-boat\/\",\"name\":\"Bateau Priv\u00e9 \u00e0 Barcelone\",\"isPartOf\":{\"@id\":\"https:\/\/spanishbreak.com\/#website\"},\"primaryImageOfPage\":{\"@id\":\"https:\/\/spanishbreak.com\/fr\/product\/private-boat\/#primaryimage\"},\"image\":{\"@id\":\"https:\/\/spanishbreak.com\/fr\/product\/private-boat\/#primaryimage\"},\"thumbnailUrl\":\"https:\/\/spanishbreak.com\/wp-content\/uploads\/2025\/04\/550-sol3.jpg\",\"datePublished\":\"2025-04-04T12:22:46+00:00\",\"dateModified\":\"2025-12-17T12:23:07+00:00\",\"description\":\"Naviguez vers le bonheur des enterrements de vie de jeune fille\/gar\u00e7on avec notre exp\u00e9rience exclusive en bateau priv\u00e9 sur l'\u00e9blouissante mer M\u00e9diterran\u00e9e\",\"breadcrumb\":{\"@id\":\"https:\/\/spanishbreak.com\/fr\/product\/private-boat\/#breadcrumb\"},\"inLanguage\":\"fr-FR\",\"potentialAction\":[{\"@type\":\"ReadAction\",\"target\":[\"https:\/\/spanishbreak.com\/fr\/product\/private-boat\/\"]}]},{\"@type\":\"ImageObject\",\"inLanguage\":\"fr-FR\",\"@id\":\"https:\/\/spanishbreak.com\/fr\/product\/private-boat\/#primaryimage\",\"url\":\"https:\/\/spanishbreak.com\/wp-content\/uploads\/2025\/04\/550-sol3.jpg\",\"contentUrl\":\"https:\/\/spanishbreak.com\/wp-content\/uploads\/2025\/04\/550-sol3.jpg\",\"width\":1200,\"height\":628},{\"@type\":\"BreadcrumbList\",\"@id\":\"https:\/\/spanishbreak.com\/fr\/product\/private-boat\/#breadcrumb\",\"itemListElement\":[{\"@type\":\"ListItem\",\"position\":1,\"name\":\"Home\",\"item\":\"https:\/\/spanishbreak.com\/\"},{\"@type\":\"ListItem\",\"position\":2,\"name\":\"Boutique\",\"item\":\"https:\/\/spanishbreak.com\/boutique\/?lang=fr\"},{\"@type\":\"ListItem\",\"position\":3,\"name\":\"Bateau Priv\u00e9\"}]},{\"@type\":\"WebSite\",\"@id\":\"https:\/\/spanishbreak.com\/#website\",\"url\":\"https:\/\/spanishbreak.com\/\",\"name\":\"Spanish Break\",\"description\":\"Otro sitio realizado con WordPress\",\"publisher\":{\"@id\":\"https:\/\/spanishbreak.com\/#organization\"},\"potentialAction\":[{\"@type\":\"SearchAction\",\"target\":{\"@type\":\"EntryPoint\",\"urlTemplate\":\"https:\/\/spanishbreak.com\/?s={search_term_string}\"},\"query-input\":{\"@type\":\"PropertyValueSpecification\",\"valueRequired\":true,\"valueName\":\"search_term_string\"}}],\"inLanguage\":\"fr-FR\"},{\"@type\":\"Organization\",\"@id\":\"https:\/\/spanishbreak.com\/#organization\",\"name\":\"Spanish Break\",\"url\":\"https:\/\/spanishbreak.com\/\",\"logo\":{\"@type\":\"ImageObject\",\"inLanguage\":\"fr-FR\",\"@id\":\"https:\/\/spanishbreak.com\/#\/schema\/logo\/image\/\",\"url\":\"https:\/\/spanishbreak.com\/wp-content\/uploads\/2024\/03\/logo-spanish-break.png\",\"contentUrl\":\"https:\/\/spanishbreak.com\/wp-content\/uploads\/2024\/03\/logo-spanish-break.png\",\"width\":323,\"height\":37,\"caption\":\"Spanish Break\"},\"image\":{\"@id\":\"https:\/\/spanishbreak.com\/#\/schema\/logo\/image\/\"},\"sameAs\":[\"https:\/\/www.facebook.com\/spanishbreak\",\"https:\/\/www.instagram.com\/spanishbreakbcn\/\"]}]}<\/script>\n<!-- \/ Yoast SEO plugin. -->","yoast_head_json":{"title":"Bateau Priv\u00e9 \u00e0 Barcelone","description":"Naviguez vers le bonheur des enterrements de vie de jeune fille\/gar\u00e7on avec notre exp\u00e9rience exclusive en bateau priv\u00e9 sur l'\u00e9blouissante mer M\u00e9diterran\u00e9e","robots":{"index":"index","follow":"follow","max-snippet":"max-snippet:-1","max-image-preview":"max-image-preview:large","max-video-preview":"max-video-preview:-1"},"canonical":"https:\/\/spanishbreak.com\/fr\/product\/private-boat\/","og_locale":"fr_FR","og_type":"article","og_title":"Bateau Priv\u00e9 \u00e0 Barcelone","og_description":"Naviguez vers le bonheur des enterrements de vie de jeune fille\/gar\u00e7on avec notre exp\u00e9rience exclusive en bateau priv\u00e9 sur l'\u00e9blouissante mer M\u00e9diterran\u00e9e","og_url":"https:\/\/spanishbreak.com\/fr\/product\/private-boat\/","og_site_name":"Spanishbreak","article_publisher":"https:\/\/www.facebook.com\/spanishbreak","article_modified_time":"2025-12-17T12:23:07+00:00","og_image":[{"width":1200,"height":628,"url":"https:\/\/spanishbreak.com\/wp-content\/uploads\/2025\/04\/550-sol3.jpg","type":"image\/jpeg"}],"twitter_card":"summary_large_image","twitter_misc":{"Dur\u00e9e de lecture estim\u00e9e":"2 minutes"},"schema":{"@context":"https:\/\/schema.org","@graph":[{"@type":["WebPage","ItemPage"],"@id":"https:\/\/spanishbreak.com\/fr\/product\/private-boat\/","url":"https:\/\/spanishbreak.com\/fr\/product\/private-boat\/","name":"Bateau Priv\u00e9 \u00e0 Barcelone","isPartOf":{"@id":"https:\/\/spanishbreak.com\/#website"},"primaryImageOfPage":{"@id":"https:\/\/spanishbreak.com\/fr\/product\/private-boat\/#primaryimage"},"image":{"@id":"https:\/\/spanishbreak.com\/fr\/product\/private-boat\/#primaryimage"},"thumbnailUrl":"https:\/\/spanishbreak.com\/wp-content\/uploads\/2025\/04\/550-sol3.jpg","datePublished":"2025-04-04T12:22:46+00:00","dateModified":"2025-12-17T12:23:07+00:00","description":"Naviguez vers le bonheur des enterrements de vie de jeune fille\/gar\u00e7on avec notre exp\u00e9rience exclusive en bateau priv\u00e9 sur l'\u00e9blouissante mer M\u00e9diterran\u00e9e","breadcrumb":{"@id":"https:\/\/spanishbreak.com\/fr\/product\/private-boat\/#breadcrumb"},"inLanguage":"fr-FR","potentialAction":[{"@type":"ReadAction","target":["https:\/\/spanishbreak.com\/fr\/product\/private-boat\/"]}]},{"@type":"ImageObject","inLanguage":"fr-FR","@id":"https:\/\/spanishbreak.com\/fr\/product\/private-boat\/#primaryimage","url":"https:\/\/spanishbreak.com\/wp-content\/uploads\/2025\/04\/550-sol3.jpg","contentUrl":"https:\/\/spanishbreak.com\/wp-content\/uploads\/2025\/04\/550-sol3.jpg","width":1200,"height":628},{"@type":"BreadcrumbList","@id":"https:\/\/spanishbreak.com\/fr\/product\/private-boat\/#breadcrumb","itemListElement":[{"@type":"ListItem","position":1,"name":"Home","item":"https:\/\/spanishbreak.com\/"},{"@type":"ListItem","position":2,"name":"Boutique","item":"https:\/\/spanishbreak.com\/boutique\/?lang=fr"},{"@type":"ListItem","position":3,"name":"Bateau Priv\u00e9"}]},{"@type":"WebSite","@id":"https:\/\/spanishbreak.com\/#website","url":"https:\/\/spanishbreak.com\/","name":"Spanish Break","description":"Otro sitio realizado con WordPress","publisher":{"@id":"https:\/\/spanishbreak.com\/#organization"},"potentialAction":[{"@type":"SearchAction","target":{"@type":"EntryPoint","urlTemplate":"https:\/\/spanishbreak.com\/?s={search_term_string}"},"query-input":{"@type":"PropertyValueSpecification","valueRequired":true,"valueName":"search_term_string"}}],"inLanguage":"fr-FR"},{"@type":"Organization","@id":"https:\/\/spanishbreak.com\/#organization","name":"Spanish Break","url":"https:\/\/spanishbreak.com\/","logo":{"@type":"ImageObject","inLanguage":"fr-FR","@id":"https:\/\/spanishbreak.com\/#\/schema\/logo\/image\/","url":"https:\/\/spanishbreak.com\/wp-content\/uploads\/2024\/03\/logo-spanish-break.png","contentUrl":"https:\/\/spanishbreak.com\/wp-content\/uploads\/2024\/03\/logo-spanish-break.png","width":323,"height":37,"caption":"Spanish Break"},"image":{"@id":"https:\/\/spanishbreak.com\/#\/schema\/logo\/image\/"},"sameAs":["https:\/\/www.facebook.com\/spanishbreak","https:\/\/www.instagram.com\/spanishbreakbcn\/"]}]}},"_links":{"self":[{"href":"https:\/\/spanishbreak.com\/fr\/wp-json\/wp\/v2\/product\/8923","targetHints":{"allow":["GET"]}}],"collection":[{"href":"https:\/\/spanishbreak.com\/fr\/wp-json\/wp\/v2\/product"}],"about":[{"href":"https:\/\/spanishbreak.com\/fr\/wp-json\/wp\/v2\/types\/product"}],"replies":[{"embeddable":true,"href":"https:\/\/spanishbreak.com\/fr\/wp-json\/wp\/v2\/comments?post=8923"}],"wp:featuredmedia":[{"embeddable":true,"href":"https:\/\/spanishbreak.com\/fr\/wp-json\/wp\/v2\/media\/8922"}],"wp:attachment":[{"href":"https:\/\/spanishbreak.com\/fr\/wp-json\/wp\/v2\/media?parent=8923"}],"wp:term":[{"taxonomy":"product_brand","embeddable":true,"href":"https:\/\/spanishbreak.com\/fr\/wp-json\/wp\/v2\/product_brand?post=8923"},{"taxonomy":"product_cat","embeddable":true,"href":"https:\/\/spanishbreak.com\/fr\/wp-json\/wp\/v2\/product_cat?post=8923"},{"taxonomy":"product_tag","embeddable":true,"href":"https:\/\/spanishbreak.com\/fr\/wp-json\/wp\/v2\/product_tag?post=8923"}],"curies":[{"name":"wp","href":"https:\/\/api.w.org\/{rel}","templated":true}]}}