{"id":8943,"date":"2025-04-04T15:03:11","date_gmt":"2025-04-04T13:03:11","guid":{"rendered":"https:\/\/spanishbreak.com\/product\/sailing-boat-paella\/"},"modified":"2025-12-17T13:22:02","modified_gmt":"2025-12-17T12:22:02","slug":"sailing-boat-paella","status":"publish","type":"product","link":"https:\/\/spanishbreak.com\/fr\/product\/sailing-boat-paella\/","title":{"rendered":"Voilier + Paella"},"content":{"rendered":"<p>Votre groupe a atteint la magnifique c\u00f4te m\u00e9diterran\u00e9enne. Quoi de mieux que de prendre un voilier pour d\u00e9guster une authentique paella espagnole ?<\/p>\n<p>Il n&rsquo;y a pas de meilleure fa\u00e7on de passer un bon moment pendant votre week-end : juste votre groupe, la mer, des boissons et une d\u00e9licieuse paella pour le groupe ! Ressentez le soleil sur votre visage, le vent dans vos cheveux et l&rsquo;excitation de ce jour de f\u00eate. Vous pouvez \u00e9galement mettre les morceaux pr\u00e9f\u00e9r\u00e9s de votre enterrement de vie de jeune fille\/gar\u00e7on gr\u00e2ce au syst\u00e8me audio \u00e0 bord !<\/p>\n<p>Que ce soit pour la future mari\u00e9e ou le futur mari\u00e9, cette aventure consiste \u00e0 cr\u00e9er des souvenirs inoubliables avec votre \u00e9quipage.<\/p>\n","protected":false},"excerpt":{"rendered":"<p>Votre groupe a atteint la magnifique c\u00f4te m\u00e9diterran\u00e9enne. Quoi de mieux que de prendre un voilier pour d\u00e9guster une authentique paella espagnole ? Il n&rsquo;y a pas de meilleure fa\u00e7on de passer un bon moment pendant votre week-end : juste votre groupe, la mer, des boissons et une d\u00e9licieuse paella pour le groupe ! Ressentez [&hellip;]<\/p>\n","protected":false},"featured_media":7042,"comment_status":"closed","ping_status":"closed","template":"","meta":{"site-sidebar-layout":"default","site-content-layout":"","ast-site-content-layout":"default","site-content-style":"default","site-sidebar-style":"default","ast-global-header-display":"","ast-banner-title-visibility":"","ast-main-header-display":"","ast-hfb-above-header-display":"","ast-hfb-below-header-display":"","ast-hfb-mobile-header-display":"","site-post-title":"","ast-breadcrumbs-content":"","ast-featured-img":"","footer-sml-layout":"","theme-transparent-header-meta":"default","adv-header-id-meta":"","stick-header-meta":"","header-above-stick-meta":"","header-main-stick-meta":"","header-below-stick-meta":"","astra-migrate-meta-layouts":"set","ast-page-background-enabled":"default","ast-page-background-meta":{"desktop":{"background-color":"var(--ast-global-color-4)","background-image":"","background-repeat":"repeat","background-position":"center center","background-size":"auto","background-attachment":"scroll","background-type":"","background-media":"","overlay-type":"","overlay-color":"","overlay-opacity":"","overlay-gradient":""},"tablet":{"background-color":"","background-image":"","background-repeat":"repeat","background-position":"center center","background-size":"auto","background-attachment":"scroll","background-type":"","background-media":"","overlay-type":"","overlay-color":"","overlay-opacity":"","overlay-gradient":""},"mobile":{"background-color":"","background-image":"","background-repeat":"repeat","background-position":"center center","background-size":"auto","background-attachment":"scroll","background-type":"","background-media":"","overlay-type":"","overlay-color":"","overlay-opacity":"","overlay-gradient":""}},"ast-content-background-meta":{"desktop":{"background-color":"var(--ast-global-color-5)","background-image":"","background-repeat":"repeat","background-position":"center center","background-size":"auto","background-attachment":"scroll","background-type":"","background-media":"","overlay-type":"","overlay-color":"","overlay-opacity":"","overlay-gradient":""},"tablet":{"background-color":"var(--ast-global-color-5)","background-image":"","background-repeat":"repeat","background-position":"center center","background-size":"auto","background-attachment":"scroll","background-type":"","background-media":"","overlay-type":"","overlay-color":"","overlay-opacity":"","overlay-gradient":""},"mobile":{"background-color":"var(--ast-global-color-5)","background-image":"","background-repeat":"repeat","background-position":"center center","background-size":"auto","background-attachment":"scroll","background-type":"","background-media":"","overlay-type":"","overlay-color":"","overlay-opacity":"","overlay-gradient":""}},"repeater_packs":""},"product_brand":[],"product_cat":[68,66,72,73,87],"product_tag":[],"class_list":{"0":"post-8943","1":"product","2":"type-product","3":"status-publish","4":"has-post-thumbnail","6":"product_cat-day-time-activities","7":"product_cat-hen-fr-2","8":"product_cat-packs-fr-2","9":"product_cat-stag-fr","10":"product_cat-water-sports-activities","11":"desktop-align-left","12":"tablet-align-left","13":"mobile-align-left","15":"first","16":"instock","17":"shipping-taxable","18":"product-type-simple"},"yoast_head":"<!-- This site is optimized with the Yoast SEO plugin v26.8 - https:\/\/yoast.com\/product\/yoast-seo-wordpress\/ -->\n<title>Voilier + Paella \u00e0 Barcelone<\/title>\n<meta name=\"description\" content=\"Votre groupe a atteint la magnifique c\u00f4te m\u00e9diterran\u00e9enne. Quoi de mieux que de prendre un voilier pour d\u00e9guster une authentique paella espagnole ? Il n&#039;y\" \/>\n<meta name=\"robots\" content=\"index, follow, max-snippet:-1, max-image-preview:large, max-video-preview:-1\" \/>\n<link rel=\"canonical\" href=\"https:\/\/spanishbreak.com\/fr\/product\/sailing-boat-paella\/\" \/>\n<meta property=\"og:locale\" content=\"fr_FR\" \/>\n<meta property=\"og:type\" content=\"article\" \/>\n<meta property=\"og:title\" content=\"Voilier + Paella \u00e0 Barcelone\" \/>\n<meta property=\"og:description\" content=\"Votre groupe a atteint la magnifique c\u00f4te m\u00e9diterran\u00e9enne. Quoi de mieux que de prendre un voilier pour d\u00e9guster une authentique paella espagnole ? Il n&#039;y\" \/>\n<meta property=\"og:url\" content=\"https:\/\/spanishbreak.com\/fr\/product\/sailing-boat-paella\/\" \/>\n<meta property=\"og:site_name\" content=\"Spanishbreak\" \/>\n<meta property=\"article:publisher\" content=\"https:\/\/www.facebook.com\/spanishbreak\" \/>\n<meta property=\"article:modified_time\" content=\"2025-12-17T12:22:02+00:00\" \/>\n<meta property=\"og:image\" content=\"https:\/\/spanishbreak.com\/wp-content\/uploads\/2024\/06\/38085771_2233385340023505_7324465350597148672_n.jpg\" \/>\n\t<meta property=\"og:image:width\" content=\"959\" \/>\n\t<meta property=\"og:image:height\" content=\"960\" \/>\n\t<meta property=\"og:image:type\" content=\"image\/jpeg\" \/>\n<meta name=\"twitter:card\" content=\"summary_large_image\" \/>\n<meta name=\"twitter:label1\" content=\"Dur\u00e9e de lecture estim\u00e9e\" \/>\n\t<meta name=\"twitter:data1\" content=\"1 minute\" \/>\n<script type=\"application\/ld+json\" class=\"yoast-schema-graph\">{\"@context\":\"https:\/\/schema.org\",\"@graph\":[{\"@type\":[\"WebPage\",\"ItemPage\"],\"@id\":\"https:\/\/spanishbreak.com\/fr\/product\/sailing-boat-paella\/\",\"url\":\"https:\/\/spanishbreak.com\/fr\/product\/sailing-boat-paella\/\",\"name\":\"Voilier + Paella \u00e0 Barcelone\",\"isPartOf\":{\"@id\":\"https:\/\/spanishbreak.com\/#website\"},\"primaryImageOfPage\":{\"@id\":\"https:\/\/spanishbreak.com\/fr\/product\/sailing-boat-paella\/#primaryimage\"},\"image\":{\"@id\":\"https:\/\/spanishbreak.com\/fr\/product\/sailing-boat-paella\/#primaryimage\"},\"thumbnailUrl\":\"https:\/\/spanishbreak.com\/wp-content\/uploads\/2024\/06\/38085771_2233385340023505_7324465350597148672_n.jpg\",\"datePublished\":\"2025-04-04T13:03:11+00:00\",\"dateModified\":\"2025-12-17T12:22:02+00:00\",\"description\":\"Votre groupe a atteint la magnifique c\u00f4te m\u00e9diterran\u00e9enne. Quoi de mieux que de prendre un voilier pour d\u00e9guster une authentique paella espagnole ? Il n'y\",\"breadcrumb\":{\"@id\":\"https:\/\/spanishbreak.com\/fr\/product\/sailing-boat-paella\/#breadcrumb\"},\"inLanguage\":\"fr-FR\",\"potentialAction\":[{\"@type\":\"ReadAction\",\"target\":[\"https:\/\/spanishbreak.com\/fr\/product\/sailing-boat-paella\/\"]}]},{\"@type\":\"ImageObject\",\"inLanguage\":\"fr-FR\",\"@id\":\"https:\/\/spanishbreak.com\/fr\/product\/sailing-boat-paella\/#primaryimage\",\"url\":\"https:\/\/spanishbreak.com\/wp-content\/uploads\/2024\/06\/38085771_2233385340023505_7324465350597148672_n.jpg\",\"contentUrl\":\"https:\/\/spanishbreak.com\/wp-content\/uploads\/2024\/06\/38085771_2233385340023505_7324465350597148672_n.jpg\",\"width\":959,\"height\":960},{\"@type\":\"BreadcrumbList\",\"@id\":\"https:\/\/spanishbreak.com\/fr\/product\/sailing-boat-paella\/#breadcrumb\",\"itemListElement\":[{\"@type\":\"ListItem\",\"position\":1,\"name\":\"Home\",\"item\":\"https:\/\/spanishbreak.com\/\"},{\"@type\":\"ListItem\",\"position\":2,\"name\":\"Boutique\",\"item\":\"https:\/\/spanishbreak.com\/boutique\/?lang=fr\"},{\"@type\":\"ListItem\",\"position\":3,\"name\":\"Voilier + Paella\"}]},{\"@type\":\"WebSite\",\"@id\":\"https:\/\/spanishbreak.com\/#website\",\"url\":\"https:\/\/spanishbreak.com\/\",\"name\":\"Spanish Break\",\"description\":\"Otro sitio realizado con WordPress\",\"publisher\":{\"@id\":\"https:\/\/spanishbreak.com\/#organization\"},\"potentialAction\":[{\"@type\":\"SearchAction\",\"target\":{\"@type\":\"EntryPoint\",\"urlTemplate\":\"https:\/\/spanishbreak.com\/?s={search_term_string}\"},\"query-input\":{\"@type\":\"PropertyValueSpecification\",\"valueRequired\":true,\"valueName\":\"search_term_string\"}}],\"inLanguage\":\"fr-FR\"},{\"@type\":\"Organization\",\"@id\":\"https:\/\/spanishbreak.com\/#organization\",\"name\":\"Spanish Break\",\"url\":\"https:\/\/spanishbreak.com\/\",\"logo\":{\"@type\":\"ImageObject\",\"inLanguage\":\"fr-FR\",\"@id\":\"https:\/\/spanishbreak.com\/#\/schema\/logo\/image\/\",\"url\":\"https:\/\/spanishbreak.com\/wp-content\/uploads\/2024\/03\/logo-spanish-break.png\",\"contentUrl\":\"https:\/\/spanishbreak.com\/wp-content\/uploads\/2024\/03\/logo-spanish-break.png\",\"width\":323,\"height\":37,\"caption\":\"Spanish Break\"},\"image\":{\"@id\":\"https:\/\/spanishbreak.com\/#\/schema\/logo\/image\/\"},\"sameAs\":[\"https:\/\/www.facebook.com\/spanishbreak\",\"https:\/\/www.instagram.com\/spanishbreakbcn\/\"]}]}<\/script>\n<!-- \/ Yoast SEO plugin. -->","yoast_head_json":{"title":"Voilier + Paella \u00e0 Barcelone","description":"Votre groupe a atteint la magnifique c\u00f4te m\u00e9diterran\u00e9enne. Quoi de mieux que de prendre un voilier pour d\u00e9guster une authentique paella espagnole ? Il n'y","robots":{"index":"index","follow":"follow","max-snippet":"max-snippet:-1","max-image-preview":"max-image-preview:large","max-video-preview":"max-video-preview:-1"},"canonical":"https:\/\/spanishbreak.com\/fr\/product\/sailing-boat-paella\/","og_locale":"fr_FR","og_type":"article","og_title":"Voilier + Paella \u00e0 Barcelone","og_description":"Votre groupe a atteint la magnifique c\u00f4te m\u00e9diterran\u00e9enne. Quoi de mieux que de prendre un voilier pour d\u00e9guster une authentique paella espagnole ? Il n'y","og_url":"https:\/\/spanishbreak.com\/fr\/product\/sailing-boat-paella\/","og_site_name":"Spanishbreak","article_publisher":"https:\/\/www.facebook.com\/spanishbreak","article_modified_time":"2025-12-17T12:22:02+00:00","og_image":[{"width":959,"height":960,"url":"https:\/\/spanishbreak.com\/wp-content\/uploads\/2024\/06\/38085771_2233385340023505_7324465350597148672_n.jpg","type":"image\/jpeg"}],"twitter_card":"summary_large_image","twitter_misc":{"Dur\u00e9e de lecture estim\u00e9e":"1 minute"},"schema":{"@context":"https:\/\/schema.org","@graph":[{"@type":["WebPage","ItemPage"],"@id":"https:\/\/spanishbreak.com\/fr\/product\/sailing-boat-paella\/","url":"https:\/\/spanishbreak.com\/fr\/product\/sailing-boat-paella\/","name":"Voilier + Paella \u00e0 Barcelone","isPartOf":{"@id":"https:\/\/spanishbreak.com\/#website"},"primaryImageOfPage":{"@id":"https:\/\/spanishbreak.com\/fr\/product\/sailing-boat-paella\/#primaryimage"},"image":{"@id":"https:\/\/spanishbreak.com\/fr\/product\/sailing-boat-paella\/#primaryimage"},"thumbnailUrl":"https:\/\/spanishbreak.com\/wp-content\/uploads\/2024\/06\/38085771_2233385340023505_7324465350597148672_n.jpg","datePublished":"2025-04-04T13:03:11+00:00","dateModified":"2025-12-17T12:22:02+00:00","description":"Votre groupe a atteint la magnifique c\u00f4te m\u00e9diterran\u00e9enne. Quoi de mieux que de prendre un voilier pour d\u00e9guster une authentique paella espagnole ? Il n'y","breadcrumb":{"@id":"https:\/\/spanishbreak.com\/fr\/product\/sailing-boat-paella\/#breadcrumb"},"inLanguage":"fr-FR","potentialAction":[{"@type":"ReadAction","target":["https:\/\/spanishbreak.com\/fr\/product\/sailing-boat-paella\/"]}]},{"@type":"ImageObject","inLanguage":"fr-FR","@id":"https:\/\/spanishbreak.com\/fr\/product\/sailing-boat-paella\/#primaryimage","url":"https:\/\/spanishbreak.com\/wp-content\/uploads\/2024\/06\/38085771_2233385340023505_7324465350597148672_n.jpg","contentUrl":"https:\/\/spanishbreak.com\/wp-content\/uploads\/2024\/06\/38085771_2233385340023505_7324465350597148672_n.jpg","width":959,"height":960},{"@type":"BreadcrumbList","@id":"https:\/\/spanishbreak.com\/fr\/product\/sailing-boat-paella\/#breadcrumb","itemListElement":[{"@type":"ListItem","position":1,"name":"Home","item":"https:\/\/spanishbreak.com\/"},{"@type":"ListItem","position":2,"name":"Boutique","item":"https:\/\/spanishbreak.com\/boutique\/?lang=fr"},{"@type":"ListItem","position":3,"name":"Voilier + Paella"}]},{"@type":"WebSite","@id":"https:\/\/spanishbreak.com\/#website","url":"https:\/\/spanishbreak.com\/","name":"Spanish Break","description":"Otro sitio realizado con WordPress","publisher":{"@id":"https:\/\/spanishbreak.com\/#organization"},"potentialAction":[{"@type":"SearchAction","target":{"@type":"EntryPoint","urlTemplate":"https:\/\/spanishbreak.com\/?s={search_term_string}"},"query-input":{"@type":"PropertyValueSpecification","valueRequired":true,"valueName":"search_term_string"}}],"inLanguage":"fr-FR"},{"@type":"Organization","@id":"https:\/\/spanishbreak.com\/#organization","name":"Spanish Break","url":"https:\/\/spanishbreak.com\/","logo":{"@type":"ImageObject","inLanguage":"fr-FR","@id":"https:\/\/spanishbreak.com\/#\/schema\/logo\/image\/","url":"https:\/\/spanishbreak.com\/wp-content\/uploads\/2024\/03\/logo-spanish-break.png","contentUrl":"https:\/\/spanishbreak.com\/wp-content\/uploads\/2024\/03\/logo-spanish-break.png","width":323,"height":37,"caption":"Spanish Break"},"image":{"@id":"https:\/\/spanishbreak.com\/#\/schema\/logo\/image\/"},"sameAs":["https:\/\/www.facebook.com\/spanishbreak","https:\/\/www.instagram.com\/spanishbreakbcn\/"]}]}},"_links":{"self":[{"href":"https:\/\/spanishbreak.com\/fr\/wp-json\/wp\/v2\/product\/8943","targetHints":{"allow":["GET"]}}],"collection":[{"href":"https:\/\/spanishbreak.com\/fr\/wp-json\/wp\/v2\/product"}],"about":[{"href":"https:\/\/spanishbreak.com\/fr\/wp-json\/wp\/v2\/types\/product"}],"replies":[{"embeddable":true,"href":"https:\/\/spanishbreak.com\/fr\/wp-json\/wp\/v2\/comments?post=8943"}],"wp:featuredmedia":[{"embeddable":true,"href":"https:\/\/spanishbreak.com\/fr\/wp-json\/wp\/v2\/media\/7042"}],"wp:attachment":[{"href":"https:\/\/spanishbreak.com\/fr\/wp-json\/wp\/v2\/media?parent=8943"}],"wp:term":[{"taxonomy":"product_brand","embeddable":true,"href":"https:\/\/spanishbreak.com\/fr\/wp-json\/wp\/v2\/product_brand?post=8943"},{"taxonomy":"product_cat","embeddable":true,"href":"https:\/\/spanishbreak.com\/fr\/wp-json\/wp\/v2\/product_cat?post=8943"},{"taxonomy":"product_tag","embeddable":true,"href":"https:\/\/spanishbreak.com\/fr\/wp-json\/wp\/v2\/product_tag?post=8943"}],"curies":[{"name":"wp","href":"https:\/\/api.w.org\/{rel}","templated":true}]}}