{"id":8984,"date":"2025-04-07T10:30:36","date_gmt":"2025-04-07T08:30:36","guid":{"rendered":"https:\/\/spanishbreak.com\/product\/flamenco-tapas-fiesta-vip\/"},"modified":"2025-12-17T13:20:02","modified_gmt":"2025-12-17T12:20:02","slug":"flamenco-tapas-fiesta-vip","status":"publish","type":"product","link":"https:\/\/spanishbreak.com\/fr\/product\/flamenco-tapas-fiesta-vip\/","title":{"rendered":"Flamenco, Tapas &#038; Fiesta VIP"},"content":{"rendered":"<p><strong>Un spectacle \u00e0 couper le souffle !<\/strong><\/p>\n<p>L&rsquo;art du flamenco, qui combine une musique et une danse unique pour cr\u00e9er une exp\u00e9rience audiovisuelle \u00e0 couper le souffle, est c\u00e9l\u00e8bre dans le monde entier. Pendant votre EVJF \u00e0 Barcelone, vous pouvez exp\u00e9rimenter la puissance du flamenco avec un spectacle professionnel lors d&rsquo;une soir\u00e9e flamenco au c\u0153ur de La Rambla.<\/p>\n<p>Chaque apr\u00e8s-midi et chaque soir, le spectacle de danse et chant se d\u00e9roulera en trois sessions avec un spectacle en direct compos\u00e9 de beaucoup de duende qui fera d\u00e9couvrir au public l&rsquo;expression artistique traditionnelle la plus vivante et typique de la culture espagnole.<\/p>\n<p>Vous d\u00e9gusterez un d\u00e9licieux repas de tapas apr\u00e8s le spectacle, alors pr\u00e9parez-vous \u00e0 une exp\u00e9rience inoubliable.<\/p>\n","protected":false},"excerpt":{"rendered":"<p>Un spectacle \u00e0 couper le souffle ! L&rsquo;art du flamenco, qui combine une musique et une danse unique pour cr\u00e9er une exp\u00e9rience audiovisuelle \u00e0 couper le souffle, est c\u00e9l\u00e8bre dans le monde entier. Pendant votre EVJF \u00e0 Barcelone, vous pouvez exp\u00e9rimenter la puissance du flamenco avec un spectacle professionnel lors d&rsquo;une soir\u00e9e flamenco au c\u0153ur [&hellip;]<\/p>\n","protected":false},"featured_media":7161,"comment_status":"closed","ping_status":"closed","template":"","meta":{"site-sidebar-layout":"default","site-content-layout":"","ast-site-content-layout":"default","site-content-style":"default","site-sidebar-style":"default","ast-global-header-display":"","ast-banner-title-visibility":"","ast-main-header-display":"","ast-hfb-above-header-display":"","ast-hfb-below-header-display":"","ast-hfb-mobile-header-display":"","site-post-title":"","ast-breadcrumbs-content":"","ast-featured-img":"","footer-sml-layout":"","theme-transparent-header-meta":"default","adv-header-id-meta":"","stick-header-meta":"","header-above-stick-meta":"","header-main-stick-meta":"","header-below-stick-meta":"","astra-migrate-meta-layouts":"set","ast-page-background-enabled":"default","ast-page-background-meta":{"desktop":{"background-color":"var(--ast-global-color-4)","background-image":"","background-repeat":"repeat","background-position":"center center","background-size":"auto","background-attachment":"scroll","background-type":"","background-media":"","overlay-type":"","overlay-color":"","overlay-opacity":"","overlay-gradient":""},"tablet":{"background-color":"","background-image":"","background-repeat":"repeat","background-position":"center center","background-size":"auto","background-attachment":"scroll","background-type":"","background-media":"","overlay-type":"","overlay-color":"","overlay-opacity":"","overlay-gradient":""},"mobile":{"background-color":"","background-image":"","background-repeat":"repeat","background-position":"center center","background-size":"auto","background-attachment":"scroll","background-type":"","background-media":"","overlay-type":"","overlay-color":"","overlay-opacity":"","overlay-gradient":""}},"ast-content-background-meta":{"desktop":{"background-color":"var(--ast-global-color-5)","background-image":"","background-repeat":"repeat","background-position":"center center","background-size":"auto","background-attachment":"scroll","background-type":"","background-media":"","overlay-type":"","overlay-color":"","overlay-opacity":"","overlay-gradient":""},"tablet":{"background-color":"var(--ast-global-color-5)","background-image":"","background-repeat":"repeat","background-position":"center center","background-size":"auto","background-attachment":"scroll","background-type":"","background-media":"","overlay-type":"","overlay-color":"","overlay-opacity":"","overlay-gradient":""},"mobile":{"background-color":"var(--ast-global-color-5)","background-image":"","background-repeat":"repeat","background-position":"center center","background-size":"auto","background-attachment":"scroll","background-type":"","background-media":"","overlay-type":"","overlay-color":"","overlay-opacity":"","overlay-gradient":""}},"repeater_packs":""},"product_brand":[],"product_cat":[66,71,72,73],"product_tag":[],"class_list":{"0":"post-8984","1":"product","2":"type-product","3":"status-publish","4":"has-post-thumbnail","6":"product_cat-hen-fr-2","7":"product_cat-night_activities-fr-2","8":"product_cat-packs-fr-2","9":"product_cat-stag-fr","10":"desktop-align-left","11":"tablet-align-left","12":"mobile-align-left","14":"first","15":"instock","16":"shipping-taxable","17":"product-type-simple"},"yoast_head":"<!-- This site is optimized with the Yoast SEO plugin v26.8 - https:\/\/yoast.com\/product\/yoast-seo-wordpress\/ -->\n<title>Flamenco, Tapas &amp; Fiesta VIP \u00e0 Barcelone<\/title>\n<meta name=\"description\" content=\"Un spectacle \u00e0 couper le souffle ! L&#039;art du flamenco, qui combine une musique et une danse unique pour cr\u00e9er une exp\u00e9rience audiovisuelle \u00e0 couper le\" \/>\n<meta name=\"robots\" content=\"index, follow, max-snippet:-1, max-image-preview:large, max-video-preview:-1\" \/>\n<link rel=\"canonical\" href=\"https:\/\/spanishbreak.com\/fr\/product\/flamenco-tapas-fiesta-vip\/\" \/>\n<meta property=\"og:locale\" content=\"fr_FR\" \/>\n<meta property=\"og:type\" content=\"article\" \/>\n<meta property=\"og:title\" content=\"Flamenco, Tapas &amp; Fiesta VIP \u00e0 Barcelone\" \/>\n<meta property=\"og:description\" content=\"Un spectacle \u00e0 couper le souffle ! L&#039;art du flamenco, qui combine une musique et une danse unique pour cr\u00e9er une exp\u00e9rience audiovisuelle \u00e0 couper le\" \/>\n<meta property=\"og:url\" content=\"https:\/\/spanishbreak.com\/fr\/product\/flamenco-tapas-fiesta-vip\/\" \/>\n<meta property=\"og:site_name\" content=\"Spanishbreak\" \/>\n<meta property=\"article:publisher\" content=\"https:\/\/www.facebook.com\/spanishbreak\" \/>\n<meta property=\"article:modified_time\" content=\"2025-12-17T12:20:02+00:00\" \/>\n<meta property=\"og:image\" content=\"https:\/\/spanishbreak.com\/wp-content\/uploads\/2024\/06\/x-Depositphotos_40495219_original-scaled.jpg\" \/>\n\t<meta property=\"og:image:width\" content=\"2560\" \/>\n\t<meta property=\"og:image:height\" content=\"1696\" \/>\n\t<meta property=\"og:image:type\" content=\"image\/jpeg\" \/>\n<meta name=\"twitter:card\" content=\"summary_large_image\" \/>\n<meta name=\"twitter:label1\" content=\"Dur\u00e9e de lecture estim\u00e9e\" \/>\n\t<meta name=\"twitter:data1\" content=\"1 minute\" \/>\n<script type=\"application\/ld+json\" class=\"yoast-schema-graph\">{\"@context\":\"https:\/\/schema.org\",\"@graph\":[{\"@type\":[\"WebPage\",\"ItemPage\"],\"@id\":\"https:\/\/spanishbreak.com\/fr\/product\/flamenco-tapas-fiesta-vip\/\",\"url\":\"https:\/\/spanishbreak.com\/fr\/product\/flamenco-tapas-fiesta-vip\/\",\"name\":\"Flamenco, Tapas & Fiesta VIP \u00e0 Barcelone\",\"isPartOf\":{\"@id\":\"https:\/\/spanishbreak.com\/#website\"},\"primaryImageOfPage\":{\"@id\":\"https:\/\/spanishbreak.com\/fr\/product\/flamenco-tapas-fiesta-vip\/#primaryimage\"},\"image\":{\"@id\":\"https:\/\/spanishbreak.com\/fr\/product\/flamenco-tapas-fiesta-vip\/#primaryimage\"},\"thumbnailUrl\":\"https:\/\/spanishbreak.com\/wp-content\/uploads\/2024\/06\/x-Depositphotos_40495219_original-scaled.jpg\",\"datePublished\":\"2025-04-07T08:30:36+00:00\",\"dateModified\":\"2025-12-17T12:20:02+00:00\",\"description\":\"Un spectacle \u00e0 couper le souffle ! L'art du flamenco, qui combine une musique et une danse unique pour cr\u00e9er une exp\u00e9rience audiovisuelle \u00e0 couper le\",\"breadcrumb\":{\"@id\":\"https:\/\/spanishbreak.com\/fr\/product\/flamenco-tapas-fiesta-vip\/#breadcrumb\"},\"inLanguage\":\"fr-FR\",\"potentialAction\":[{\"@type\":\"ReadAction\",\"target\":[\"https:\/\/spanishbreak.com\/fr\/product\/flamenco-tapas-fiesta-vip\/\"]}]},{\"@type\":\"ImageObject\",\"inLanguage\":\"fr-FR\",\"@id\":\"https:\/\/spanishbreak.com\/fr\/product\/flamenco-tapas-fiesta-vip\/#primaryimage\",\"url\":\"https:\/\/spanishbreak.com\/wp-content\/uploads\/2024\/06\/x-Depositphotos_40495219_original-scaled.jpg\",\"contentUrl\":\"https:\/\/spanishbreak.com\/wp-content\/uploads\/2024\/06\/x-Depositphotos_40495219_original-scaled.jpg\",\"width\":2560,\"height\":1696,\"caption\":\"JEREZ DE LA FRONTERA, SPAIN - FEBRUARY 9: Models walk on the Carmen Vega catwalk during the Pasarela Flamenca Jerez 2014 Mercedes-Benz, In February 9, 2014 in Jerez de la Frontera, Spain\"},{\"@type\":\"BreadcrumbList\",\"@id\":\"https:\/\/spanishbreak.com\/fr\/product\/flamenco-tapas-fiesta-vip\/#breadcrumb\",\"itemListElement\":[{\"@type\":\"ListItem\",\"position\":1,\"name\":\"Home\",\"item\":\"https:\/\/spanishbreak.com\/\"},{\"@type\":\"ListItem\",\"position\":2,\"name\":\"Boutique\",\"item\":\"https:\/\/spanishbreak.com\/boutique\/?lang=fr\"},{\"@type\":\"ListItem\",\"position\":3,\"name\":\"Flamenco, Tapas &#038; Fiesta VIP\"}]},{\"@type\":\"WebSite\",\"@id\":\"https:\/\/spanishbreak.com\/#website\",\"url\":\"https:\/\/spanishbreak.com\/\",\"name\":\"Spanish Break\",\"description\":\"Otro sitio realizado con WordPress\",\"publisher\":{\"@id\":\"https:\/\/spanishbreak.com\/#organization\"},\"potentialAction\":[{\"@type\":\"SearchAction\",\"target\":{\"@type\":\"EntryPoint\",\"urlTemplate\":\"https:\/\/spanishbreak.com\/?s={search_term_string}\"},\"query-input\":{\"@type\":\"PropertyValueSpecification\",\"valueRequired\":true,\"valueName\":\"search_term_string\"}}],\"inLanguage\":\"fr-FR\"},{\"@type\":\"Organization\",\"@id\":\"https:\/\/spanishbreak.com\/#organization\",\"name\":\"Spanish Break\",\"url\":\"https:\/\/spanishbreak.com\/\",\"logo\":{\"@type\":\"ImageObject\",\"inLanguage\":\"fr-FR\",\"@id\":\"https:\/\/spanishbreak.com\/#\/schema\/logo\/image\/\",\"url\":\"https:\/\/spanishbreak.com\/wp-content\/uploads\/2024\/03\/logo-spanish-break.png\",\"contentUrl\":\"https:\/\/spanishbreak.com\/wp-content\/uploads\/2024\/03\/logo-spanish-break.png\",\"width\":323,\"height\":37,\"caption\":\"Spanish Break\"},\"image\":{\"@id\":\"https:\/\/spanishbreak.com\/#\/schema\/logo\/image\/\"},\"sameAs\":[\"https:\/\/www.facebook.com\/spanishbreak\",\"https:\/\/www.instagram.com\/spanishbreakbcn\/\"]}]}<\/script>\n<!-- \/ Yoast SEO plugin. -->","yoast_head_json":{"title":"Flamenco, Tapas & Fiesta VIP \u00e0 Barcelone","description":"Un spectacle \u00e0 couper le souffle ! L'art du flamenco, qui combine une musique et une danse unique pour cr\u00e9er une exp\u00e9rience audiovisuelle \u00e0 couper le","robots":{"index":"index","follow":"follow","max-snippet":"max-snippet:-1","max-image-preview":"max-image-preview:large","max-video-preview":"max-video-preview:-1"},"canonical":"https:\/\/spanishbreak.com\/fr\/product\/flamenco-tapas-fiesta-vip\/","og_locale":"fr_FR","og_type":"article","og_title":"Flamenco, Tapas & Fiesta VIP \u00e0 Barcelone","og_description":"Un spectacle \u00e0 couper le souffle ! L'art du flamenco, qui combine une musique et une danse unique pour cr\u00e9er une exp\u00e9rience audiovisuelle \u00e0 couper le","og_url":"https:\/\/spanishbreak.com\/fr\/product\/flamenco-tapas-fiesta-vip\/","og_site_name":"Spanishbreak","article_publisher":"https:\/\/www.facebook.com\/spanishbreak","article_modified_time":"2025-12-17T12:20:02+00:00","og_image":[{"width":2560,"height":1696,"url":"https:\/\/spanishbreak.com\/wp-content\/uploads\/2024\/06\/x-Depositphotos_40495219_original-scaled.jpg","type":"image\/jpeg"}],"twitter_card":"summary_large_image","twitter_misc":{"Dur\u00e9e de lecture estim\u00e9e":"1 minute"},"schema":{"@context":"https:\/\/schema.org","@graph":[{"@type":["WebPage","ItemPage"],"@id":"https:\/\/spanishbreak.com\/fr\/product\/flamenco-tapas-fiesta-vip\/","url":"https:\/\/spanishbreak.com\/fr\/product\/flamenco-tapas-fiesta-vip\/","name":"Flamenco, Tapas & Fiesta VIP \u00e0 Barcelone","isPartOf":{"@id":"https:\/\/spanishbreak.com\/#website"},"primaryImageOfPage":{"@id":"https:\/\/spanishbreak.com\/fr\/product\/flamenco-tapas-fiesta-vip\/#primaryimage"},"image":{"@id":"https:\/\/spanishbreak.com\/fr\/product\/flamenco-tapas-fiesta-vip\/#primaryimage"},"thumbnailUrl":"https:\/\/spanishbreak.com\/wp-content\/uploads\/2024\/06\/x-Depositphotos_40495219_original-scaled.jpg","datePublished":"2025-04-07T08:30:36+00:00","dateModified":"2025-12-17T12:20:02+00:00","description":"Un spectacle \u00e0 couper le souffle ! L'art du flamenco, qui combine une musique et une danse unique pour cr\u00e9er une exp\u00e9rience audiovisuelle \u00e0 couper le","breadcrumb":{"@id":"https:\/\/spanishbreak.com\/fr\/product\/flamenco-tapas-fiesta-vip\/#breadcrumb"},"inLanguage":"fr-FR","potentialAction":[{"@type":"ReadAction","target":["https:\/\/spanishbreak.com\/fr\/product\/flamenco-tapas-fiesta-vip\/"]}]},{"@type":"ImageObject","inLanguage":"fr-FR","@id":"https:\/\/spanishbreak.com\/fr\/product\/flamenco-tapas-fiesta-vip\/#primaryimage","url":"https:\/\/spanishbreak.com\/wp-content\/uploads\/2024\/06\/x-Depositphotos_40495219_original-scaled.jpg","contentUrl":"https:\/\/spanishbreak.com\/wp-content\/uploads\/2024\/06\/x-Depositphotos_40495219_original-scaled.jpg","width":2560,"height":1696,"caption":"JEREZ DE LA FRONTERA, SPAIN - FEBRUARY 9: Models walk on the Carmen Vega catwalk during the Pasarela Flamenca Jerez 2014 Mercedes-Benz, In February 9, 2014 in Jerez de la Frontera, Spain"},{"@type":"BreadcrumbList","@id":"https:\/\/spanishbreak.com\/fr\/product\/flamenco-tapas-fiesta-vip\/#breadcrumb","itemListElement":[{"@type":"ListItem","position":1,"name":"Home","item":"https:\/\/spanishbreak.com\/"},{"@type":"ListItem","position":2,"name":"Boutique","item":"https:\/\/spanishbreak.com\/boutique\/?lang=fr"},{"@type":"ListItem","position":3,"name":"Flamenco, Tapas &#038; Fiesta VIP"}]},{"@type":"WebSite","@id":"https:\/\/spanishbreak.com\/#website","url":"https:\/\/spanishbreak.com\/","name":"Spanish Break","description":"Otro sitio realizado con WordPress","publisher":{"@id":"https:\/\/spanishbreak.com\/#organization"},"potentialAction":[{"@type":"SearchAction","target":{"@type":"EntryPoint","urlTemplate":"https:\/\/spanishbreak.com\/?s={search_term_string}"},"query-input":{"@type":"PropertyValueSpecification","valueRequired":true,"valueName":"search_term_string"}}],"inLanguage":"fr-FR"},{"@type":"Organization","@id":"https:\/\/spanishbreak.com\/#organization","name":"Spanish Break","url":"https:\/\/spanishbreak.com\/","logo":{"@type":"ImageObject","inLanguage":"fr-FR","@id":"https:\/\/spanishbreak.com\/#\/schema\/logo\/image\/","url":"https:\/\/spanishbreak.com\/wp-content\/uploads\/2024\/03\/logo-spanish-break.png","contentUrl":"https:\/\/spanishbreak.com\/wp-content\/uploads\/2024\/03\/logo-spanish-break.png","width":323,"height":37,"caption":"Spanish Break"},"image":{"@id":"https:\/\/spanishbreak.com\/#\/schema\/logo\/image\/"},"sameAs":["https:\/\/www.facebook.com\/spanishbreak","https:\/\/www.instagram.com\/spanishbreakbcn\/"]}]}},"_links":{"self":[{"href":"https:\/\/spanishbreak.com\/fr\/wp-json\/wp\/v2\/product\/8984","targetHints":{"allow":["GET"]}}],"collection":[{"href":"https:\/\/spanishbreak.com\/fr\/wp-json\/wp\/v2\/product"}],"about":[{"href":"https:\/\/spanishbreak.com\/fr\/wp-json\/wp\/v2\/types\/product"}],"replies":[{"embeddable":true,"href":"https:\/\/spanishbreak.com\/fr\/wp-json\/wp\/v2\/comments?post=8984"}],"wp:featuredmedia":[{"embeddable":true,"href":"https:\/\/spanishbreak.com\/fr\/wp-json\/wp\/v2\/media\/7161"}],"wp:attachment":[{"href":"https:\/\/spanishbreak.com\/fr\/wp-json\/wp\/v2\/media?parent=8984"}],"wp:term":[{"taxonomy":"product_brand","embeddable":true,"href":"https:\/\/spanishbreak.com\/fr\/wp-json\/wp\/v2\/product_brand?post=8984"},{"taxonomy":"product_cat","embeddable":true,"href":"https:\/\/spanishbreak.com\/fr\/wp-json\/wp\/v2\/product_cat?post=8984"},{"taxonomy":"product_tag","embeddable":true,"href":"https:\/\/spanishbreak.com\/fr\/wp-json\/wp\/v2\/product_tag?post=8984"}],"curies":[{"name":"wp","href":"https:\/\/api.w.org\/{rel}","templated":true}]}}