{"id":8988,"date":"2025-04-07T11:08:56","date_gmt":"2025-04-07T09:08:56","guid":{"rendered":"https:\/\/spanishbreak.com\/product\/premium-bar-crawl-nightclub-entry\/"},"modified":"2025-12-17T13:19:23","modified_gmt":"2025-12-17T12:19:23","slug":"premium-bar-crawl-nightclub-entry","status":"publish","type":"product","link":"https:\/\/spanishbreak.com\/fr\/product\/premium-bar-crawl-nightclub-entry\/","title":{"rendered":"Tourn\u00e9e Premium des bars + Entr\u00e9e en bo\u00eete"},"content":{"rendered":"<p><strong>D\u00e9couvrezles sites touristiques lors de l&rsquo;incroyable tourn\u00e9e des bars de Barcelone !<\/strong><\/p>\n<p>Quel enterrement de vie de gar\u00e7on \u00e0 Barcelone n&rsquo;est pas complet sans une visite de certains des bars les plus iconique de la ville ?! Vous et vos amis vous amuserez \u00e0 parcourir les rues de la ville et \u00e0 prendre un verre dans les meilleurs endroits lors de cette tourn\u00e9e des bars de Barcelone. Et pour terminer la tourn\u00e9e des bars en beaut\u00e9, le dernier bar que nous visiterons sera un club de strip-tease !<\/p>\n<p>La ville abrite un nombre incroyable de bars, nous avons donc fait nos recherches (beaucoup, bien s\u00fbr !) et avons \u00e9labor\u00e9 l&rsquo;itin\u00e9raire ultime pour vous.<\/p>\n<p>Notre guide local vous emm\u00e8nera, vous et vos amis, dans les meilleurs endroits. Il veillera \u00e0 ce que tout se passe parfaitement. Votre destination finale sera l&rsquo;une des meilleures bo\u00eetes de nuit de Barcelone, \u00e0 la quelle vous aurez \u00e9galement acc\u00e8s gratuitement !<\/p>\n","protected":false},"excerpt":{"rendered":"<p>D\u00e9couvrezles sites touristiques lors de l&rsquo;incroyable tourn\u00e9e des bars de Barcelone ! Quel enterrement de vie de gar\u00e7on \u00e0 Barcelone n&rsquo;est pas complet sans une visite de certains des bars les plus iconique de la ville ?! Vous et vos amis vous amuserez \u00e0 parcourir les rues de la ville et \u00e0 prendre un verre [&hellip;]<\/p>\n","protected":false},"featured_media":7929,"comment_status":"closed","ping_status":"closed","template":"","meta":{"site-sidebar-layout":"default","site-content-layout":"","ast-site-content-layout":"default","site-content-style":"default","site-sidebar-style":"default","ast-global-header-display":"","ast-banner-title-visibility":"","ast-main-header-display":"","ast-hfb-above-header-display":"","ast-hfb-below-header-display":"","ast-hfb-mobile-header-display":"","site-post-title":"","ast-breadcrumbs-content":"","ast-featured-img":"","footer-sml-layout":"","theme-transparent-header-meta":"default","adv-header-id-meta":"","stick-header-meta":"","header-above-stick-meta":"","header-main-stick-meta":"","header-below-stick-meta":"","astra-migrate-meta-layouts":"set","ast-page-background-enabled":"default","ast-page-background-meta":{"desktop":{"background-color":"var(--ast-global-color-4)","background-image":"","background-repeat":"repeat","background-position":"center center","background-size":"auto","background-attachment":"scroll","background-type":"","background-media":"","overlay-type":"","overlay-color":"","overlay-opacity":"","overlay-gradient":""},"tablet":{"background-color":"","background-image":"","background-repeat":"repeat","background-position":"center center","background-size":"auto","background-attachment":"scroll","background-type":"","background-media":"","overlay-type":"","overlay-color":"","overlay-opacity":"","overlay-gradient":""},"mobile":{"background-color":"","background-image":"","background-repeat":"repeat","background-position":"center center","background-size":"auto","background-attachment":"scroll","background-type":"","background-media":"","overlay-type":"","overlay-color":"","overlay-opacity":"","overlay-gradient":""}},"ast-content-background-meta":{"desktop":{"background-color":"var(--ast-global-color-5)","background-image":"","background-repeat":"repeat","background-position":"center center","background-size":"auto","background-attachment":"scroll","background-type":"","background-media":"","overlay-type":"","overlay-color":"","overlay-opacity":"","overlay-gradient":""},"tablet":{"background-color":"var(--ast-global-color-5)","background-image":"","background-repeat":"repeat","background-position":"center center","background-size":"auto","background-attachment":"scroll","background-type":"","background-media":"","overlay-type":"","overlay-color":"","overlay-opacity":"","overlay-gradient":""},"mobile":{"background-color":"var(--ast-global-color-5)","background-image":"","background-repeat":"repeat","background-position":"center center","background-size":"auto","background-attachment":"scroll","background-type":"","background-media":"","overlay-type":"","overlay-color":"","overlay-opacity":"","overlay-gradient":""}},"repeater_packs":""},"product_brand":[],"product_cat":[66,71,72,73],"product_tag":[],"class_list":{"0":"post-8988","1":"product","2":"type-product","3":"status-publish","4":"has-post-thumbnail","6":"product_cat-hen-fr-2","7":"product_cat-night_activities-fr-2","8":"product_cat-packs-fr-2","9":"product_cat-stag-fr","10":"desktop-align-left","11":"tablet-align-left","12":"mobile-align-left","14":"first","15":"instock","16":"shipping-taxable","17":"product-type-simple"},"yoast_head":"<!-- This site is optimized with the Yoast SEO plugin v26.8 - https:\/\/yoast.com\/product\/yoast-seo-wordpress\/ -->\n<title>Tourn\u00e9e Premium des bars + Entr\u00e9e en bo\u00eete \u00e0 Barcelone<\/title>\n<meta name=\"description\" content=\"D\u00e9couvrezles sites touristiques lors de l&#039;incroyable tourn\u00e9e des bars de Barcelone ! Quel enterrement de vie de gar\u00e7on \u00e0 Barcelone n&#039;est pas complet sans\" \/>\n<meta name=\"robots\" content=\"index, follow, max-snippet:-1, max-image-preview:large, max-video-preview:-1\" \/>\n<link rel=\"canonical\" href=\"https:\/\/spanishbreak.com\/fr\/product\/premium-bar-crawl-nightclub-entry\/\" \/>\n<meta property=\"og:locale\" content=\"fr_FR\" \/>\n<meta property=\"og:type\" content=\"article\" \/>\n<meta property=\"og:title\" content=\"Tourn\u00e9e Premium des bars + Entr\u00e9e en bo\u00eete \u00e0 Barcelone\" \/>\n<meta property=\"og:description\" content=\"D\u00e9couvrezles sites touristiques lors de l&#039;incroyable tourn\u00e9e des bars de Barcelone ! Quel enterrement de vie de gar\u00e7on \u00e0 Barcelone n&#039;est pas complet sans\" \/>\n<meta property=\"og:url\" content=\"https:\/\/spanishbreak.com\/fr\/product\/premium-bar-crawl-nightclub-entry\/\" \/>\n<meta property=\"og:site_name\" content=\"Spanishbreak\" \/>\n<meta property=\"article:publisher\" content=\"https:\/\/www.facebook.com\/spanishbreak\" \/>\n<meta property=\"article:modified_time\" content=\"2025-12-17T12:19:23+00:00\" \/>\n<meta property=\"og:image\" content=\"https:\/\/spanishbreak.com\/wp-content\/uploads\/2024\/09\/Screenshot-2024-09-20-at-10.29.26-1024x1019.png\" \/>\n\t<meta property=\"og:image:width\" content=\"1024\" \/>\n\t<meta property=\"og:image:height\" content=\"1019\" \/>\n\t<meta property=\"og:image:type\" content=\"image\/png\" \/>\n<meta name=\"twitter:card\" content=\"summary_large_image\" \/>\n<meta name=\"twitter:label1\" content=\"Dur\u00e9e de lecture estim\u00e9e\" \/>\n\t<meta name=\"twitter:data1\" content=\"1 minute\" \/>\n<script type=\"application\/ld+json\" class=\"yoast-schema-graph\">{\"@context\":\"https:\/\/schema.org\",\"@graph\":[{\"@type\":[\"WebPage\",\"ItemPage\"],\"@id\":\"https:\/\/spanishbreak.com\/fr\/product\/premium-bar-crawl-nightclub-entry\/\",\"url\":\"https:\/\/spanishbreak.com\/fr\/product\/premium-bar-crawl-nightclub-entry\/\",\"name\":\"Tourn\u00e9e Premium des bars + Entr\u00e9e en bo\u00eete \u00e0 Barcelone\",\"isPartOf\":{\"@id\":\"https:\/\/spanishbreak.com\/#website\"},\"primaryImageOfPage\":{\"@id\":\"https:\/\/spanishbreak.com\/fr\/product\/premium-bar-crawl-nightclub-entry\/#primaryimage\"},\"image\":{\"@id\":\"https:\/\/spanishbreak.com\/fr\/product\/premium-bar-crawl-nightclub-entry\/#primaryimage\"},\"thumbnailUrl\":\"https:\/\/spanishbreak.com\/wp-content\/uploads\/2024\/09\/Screenshot-2024-09-20-at-10.29.26.png\",\"datePublished\":\"2025-04-07T09:08:56+00:00\",\"dateModified\":\"2025-12-17T12:19:23+00:00\",\"description\":\"D\u00e9couvrezles sites touristiques lors de l'incroyable tourn\u00e9e des bars de Barcelone ! Quel enterrement de vie de gar\u00e7on \u00e0 Barcelone n'est pas complet sans\",\"breadcrumb\":{\"@id\":\"https:\/\/spanishbreak.com\/fr\/product\/premium-bar-crawl-nightclub-entry\/#breadcrumb\"},\"inLanguage\":\"fr-FR\",\"potentialAction\":[{\"@type\":\"ReadAction\",\"target\":[\"https:\/\/spanishbreak.com\/fr\/product\/premium-bar-crawl-nightclub-entry\/\"]}]},{\"@type\":\"ImageObject\",\"inLanguage\":\"fr-FR\",\"@id\":\"https:\/\/spanishbreak.com\/fr\/product\/premium-bar-crawl-nightclub-entry\/#primaryimage\",\"url\":\"https:\/\/spanishbreak.com\/wp-content\/uploads\/2024\/09\/Screenshot-2024-09-20-at-10.29.26.png\",\"contentUrl\":\"https:\/\/spanishbreak.com\/wp-content\/uploads\/2024\/09\/Screenshot-2024-09-20-at-10.29.26.png\",\"width\":1246,\"height\":1240},{\"@type\":\"BreadcrumbList\",\"@id\":\"https:\/\/spanishbreak.com\/fr\/product\/premium-bar-crawl-nightclub-entry\/#breadcrumb\",\"itemListElement\":[{\"@type\":\"ListItem\",\"position\":1,\"name\":\"Home\",\"item\":\"https:\/\/spanishbreak.com\/\"},{\"@type\":\"ListItem\",\"position\":2,\"name\":\"Boutique\",\"item\":\"https:\/\/spanishbreak.com\/boutique\/?lang=fr\"},{\"@type\":\"ListItem\",\"position\":3,\"name\":\"Tourn\u00e9e Premium des bars + Entr\u00e9e en bo\u00eete\"}]},{\"@type\":\"WebSite\",\"@id\":\"https:\/\/spanishbreak.com\/#website\",\"url\":\"https:\/\/spanishbreak.com\/\",\"name\":\"Spanish Break\",\"description\":\"Otro sitio realizado con WordPress\",\"publisher\":{\"@id\":\"https:\/\/spanishbreak.com\/#organization\"},\"potentialAction\":[{\"@type\":\"SearchAction\",\"target\":{\"@type\":\"EntryPoint\",\"urlTemplate\":\"https:\/\/spanishbreak.com\/?s={search_term_string}\"},\"query-input\":{\"@type\":\"PropertyValueSpecification\",\"valueRequired\":true,\"valueName\":\"search_term_string\"}}],\"inLanguage\":\"fr-FR\"},{\"@type\":\"Organization\",\"@id\":\"https:\/\/spanishbreak.com\/#organization\",\"name\":\"Spanish Break\",\"url\":\"https:\/\/spanishbreak.com\/\",\"logo\":{\"@type\":\"ImageObject\",\"inLanguage\":\"fr-FR\",\"@id\":\"https:\/\/spanishbreak.com\/#\/schema\/logo\/image\/\",\"url\":\"https:\/\/spanishbreak.com\/wp-content\/uploads\/2024\/03\/logo-spanish-break.png\",\"contentUrl\":\"https:\/\/spanishbreak.com\/wp-content\/uploads\/2024\/03\/logo-spanish-break.png\",\"width\":323,\"height\":37,\"caption\":\"Spanish Break\"},\"image\":{\"@id\":\"https:\/\/spanishbreak.com\/#\/schema\/logo\/image\/\"},\"sameAs\":[\"https:\/\/www.facebook.com\/spanishbreak\",\"https:\/\/www.instagram.com\/spanishbreakbcn\/\"]}]}<\/script>\n<!-- \/ Yoast SEO plugin. -->","yoast_head_json":{"title":"Tourn\u00e9e Premium des bars + Entr\u00e9e en bo\u00eete \u00e0 Barcelone","description":"D\u00e9couvrezles sites touristiques lors de l'incroyable tourn\u00e9e des bars de Barcelone ! Quel enterrement de vie de gar\u00e7on \u00e0 Barcelone n'est pas complet sans","robots":{"index":"index","follow":"follow","max-snippet":"max-snippet:-1","max-image-preview":"max-image-preview:large","max-video-preview":"max-video-preview:-1"},"canonical":"https:\/\/spanishbreak.com\/fr\/product\/premium-bar-crawl-nightclub-entry\/","og_locale":"fr_FR","og_type":"article","og_title":"Tourn\u00e9e Premium des bars + Entr\u00e9e en bo\u00eete \u00e0 Barcelone","og_description":"D\u00e9couvrezles sites touristiques lors de l'incroyable tourn\u00e9e des bars de Barcelone ! Quel enterrement de vie de gar\u00e7on \u00e0 Barcelone n'est pas complet sans","og_url":"https:\/\/spanishbreak.com\/fr\/product\/premium-bar-crawl-nightclub-entry\/","og_site_name":"Spanishbreak","article_publisher":"https:\/\/www.facebook.com\/spanishbreak","article_modified_time":"2025-12-17T12:19:23+00:00","og_image":[{"width":1024,"height":1019,"url":"https:\/\/spanishbreak.com\/wp-content\/uploads\/2024\/09\/Screenshot-2024-09-20-at-10.29.26-1024x1019.png","type":"image\/png"}],"twitter_card":"summary_large_image","twitter_misc":{"Dur\u00e9e de lecture estim\u00e9e":"1 minute"},"schema":{"@context":"https:\/\/schema.org","@graph":[{"@type":["WebPage","ItemPage"],"@id":"https:\/\/spanishbreak.com\/fr\/product\/premium-bar-crawl-nightclub-entry\/","url":"https:\/\/spanishbreak.com\/fr\/product\/premium-bar-crawl-nightclub-entry\/","name":"Tourn\u00e9e Premium des bars + Entr\u00e9e en bo\u00eete \u00e0 Barcelone","isPartOf":{"@id":"https:\/\/spanishbreak.com\/#website"},"primaryImageOfPage":{"@id":"https:\/\/spanishbreak.com\/fr\/product\/premium-bar-crawl-nightclub-entry\/#primaryimage"},"image":{"@id":"https:\/\/spanishbreak.com\/fr\/product\/premium-bar-crawl-nightclub-entry\/#primaryimage"},"thumbnailUrl":"https:\/\/spanishbreak.com\/wp-content\/uploads\/2024\/09\/Screenshot-2024-09-20-at-10.29.26.png","datePublished":"2025-04-07T09:08:56+00:00","dateModified":"2025-12-17T12:19:23+00:00","description":"D\u00e9couvrezles sites touristiques lors de l'incroyable tourn\u00e9e des bars de Barcelone ! Quel enterrement de vie de gar\u00e7on \u00e0 Barcelone n'est pas complet sans","breadcrumb":{"@id":"https:\/\/spanishbreak.com\/fr\/product\/premium-bar-crawl-nightclub-entry\/#breadcrumb"},"inLanguage":"fr-FR","potentialAction":[{"@type":"ReadAction","target":["https:\/\/spanishbreak.com\/fr\/product\/premium-bar-crawl-nightclub-entry\/"]}]},{"@type":"ImageObject","inLanguage":"fr-FR","@id":"https:\/\/spanishbreak.com\/fr\/product\/premium-bar-crawl-nightclub-entry\/#primaryimage","url":"https:\/\/spanishbreak.com\/wp-content\/uploads\/2024\/09\/Screenshot-2024-09-20-at-10.29.26.png","contentUrl":"https:\/\/spanishbreak.com\/wp-content\/uploads\/2024\/09\/Screenshot-2024-09-20-at-10.29.26.png","width":1246,"height":1240},{"@type":"BreadcrumbList","@id":"https:\/\/spanishbreak.com\/fr\/product\/premium-bar-crawl-nightclub-entry\/#breadcrumb","itemListElement":[{"@type":"ListItem","position":1,"name":"Home","item":"https:\/\/spanishbreak.com\/"},{"@type":"ListItem","position":2,"name":"Boutique","item":"https:\/\/spanishbreak.com\/boutique\/?lang=fr"},{"@type":"ListItem","position":3,"name":"Tourn\u00e9e Premium des bars + Entr\u00e9e en bo\u00eete"}]},{"@type":"WebSite","@id":"https:\/\/spanishbreak.com\/#website","url":"https:\/\/spanishbreak.com\/","name":"Spanish Break","description":"Otro sitio realizado con WordPress","publisher":{"@id":"https:\/\/spanishbreak.com\/#organization"},"potentialAction":[{"@type":"SearchAction","target":{"@type":"EntryPoint","urlTemplate":"https:\/\/spanishbreak.com\/?s={search_term_string}"},"query-input":{"@type":"PropertyValueSpecification","valueRequired":true,"valueName":"search_term_string"}}],"inLanguage":"fr-FR"},{"@type":"Organization","@id":"https:\/\/spanishbreak.com\/#organization","name":"Spanish Break","url":"https:\/\/spanishbreak.com\/","logo":{"@type":"ImageObject","inLanguage":"fr-FR","@id":"https:\/\/spanishbreak.com\/#\/schema\/logo\/image\/","url":"https:\/\/spanishbreak.com\/wp-content\/uploads\/2024\/03\/logo-spanish-break.png","contentUrl":"https:\/\/spanishbreak.com\/wp-content\/uploads\/2024\/03\/logo-spanish-break.png","width":323,"height":37,"caption":"Spanish Break"},"image":{"@id":"https:\/\/spanishbreak.com\/#\/schema\/logo\/image\/"},"sameAs":["https:\/\/www.facebook.com\/spanishbreak","https:\/\/www.instagram.com\/spanishbreakbcn\/"]}]}},"_links":{"self":[{"href":"https:\/\/spanishbreak.com\/fr\/wp-json\/wp\/v2\/product\/8988","targetHints":{"allow":["GET"]}}],"collection":[{"href":"https:\/\/spanishbreak.com\/fr\/wp-json\/wp\/v2\/product"}],"about":[{"href":"https:\/\/spanishbreak.com\/fr\/wp-json\/wp\/v2\/types\/product"}],"replies":[{"embeddable":true,"href":"https:\/\/spanishbreak.com\/fr\/wp-json\/wp\/v2\/comments?post=8988"}],"wp:featuredmedia":[{"embeddable":true,"href":"https:\/\/spanishbreak.com\/fr\/wp-json\/wp\/v2\/media\/7929"}],"wp:attachment":[{"href":"https:\/\/spanishbreak.com\/fr\/wp-json\/wp\/v2\/media?parent=8988"}],"wp:term":[{"taxonomy":"product_brand","embeddable":true,"href":"https:\/\/spanishbreak.com\/fr\/wp-json\/wp\/v2\/product_brand?post=8988"},{"taxonomy":"product_cat","embeddable":true,"href":"https:\/\/spanishbreak.com\/fr\/wp-json\/wp\/v2\/product_cat?post=8988"},{"taxonomy":"product_tag","embeddable":true,"href":"https:\/\/spanishbreak.com\/fr\/wp-json\/wp\/v2\/product_tag?post=8988"}],"curies":[{"name":"wp","href":"https:\/\/api.w.org\/{rel}","templated":true}]}}