{"id":9007,"date":"2025-04-07T13:49:32","date_gmt":"2025-04-07T11:49:32","guid":{"rendered":"https:\/\/spanishbreak.com\/product\/dancing-classes-bollywood-danceclass\/"},"modified":"2025-12-17T13:18:02","modified_gmt":"2025-12-17T12:18:02","slug":"dancing-classes-bollywood-danceclass","status":"publish","type":"product","link":"https:\/\/spanishbreak.com\/fr\/product\/dancing-classes-bollywood-danceclass\/","title":{"rendered":"Cours de danse Bollywood"},"content":{"rendered":"<p><strong>Apprenez des mouvements spicyen Espagne !<\/strong><\/p>\n<p>Pr\u00e9parez-vous \u00e0 bouger au rythme vibrant de Bollywood ! Ce cours de danse amusant vous fera vous d\u00e9hancher et danser comme une star de Bollywood. Avec des mouvements \u00e9nergiques et une chor\u00e9graphie color\u00e9e, vous lib\u00e9rerez la danceuse qui sommeille en vous en un rien de temps.<\/p>\n<p>Profitez d&rsquo;une heure de danse th\u00e9matique avec un instructeur professionnel, le tout dans un lieu priv\u00e9 pour votre groupe. C&rsquo;est le moyen id\u00e9al d&rsquo;ajouter un peu d&rsquo;\u00e9clat \u00e0 votre f\u00eate !<\/p>\n<p>Vous pouvez choisir de pimenter les choses avec de la salsa espagnole sensuelle et du flamenco (o\u00f9 mieux qu&rsquo;ici ?), de vous montrer effront\u00e9 avec la pole dance et le burlesque, ou m\u00eame de danser sur la Zumba et le hip-hop.<\/p>\n<p>&nbsp;<\/p>\n<ul>\n<li>Ce ne sont que quelques-uns &#8211; vous pouvez trouver la liste compl\u00e8te ici :<br \/>\nSalsa\/ Flamenco \/ Pole Dance sexy\/ Burlesque sexy\/ Danse du ventre \/ Twerk \/ Cheerleading \/ Bollywood \/ Zumba<\/li>\n<\/ul>\n","protected":false},"excerpt":{"rendered":"<p>Apprenez des mouvements spicyen Espagne ! Pr\u00e9parez-vous \u00e0 bouger au rythme vibrant de Bollywood ! Ce cours de danse amusant vous fera vous d\u00e9hancher et danser comme une star de Bollywood. Avec des mouvements \u00e9nergiques et une chor\u00e9graphie color\u00e9e, vous lib\u00e9rerez la danceuse qui sommeille en vous en un rien de temps. Profitez d&rsquo;une heure [&hellip;]<\/p>\n","protected":false},"featured_media":9003,"comment_status":"closed","ping_status":"closed","template":"","meta":{"site-sidebar-layout":"default","site-content-layout":"","ast-site-content-layout":"default","site-content-style":"default","site-sidebar-style":"default","ast-global-header-display":"","ast-banner-title-visibility":"","ast-main-header-display":"","ast-hfb-above-header-display":"","ast-hfb-below-header-display":"","ast-hfb-mobile-header-display":"","site-post-title":"","ast-breadcrumbs-content":"","ast-featured-img":"","footer-sml-layout":"","theme-transparent-header-meta":"default","adv-header-id-meta":"","stick-header-meta":"","header-above-stick-meta":"","header-main-stick-meta":"","header-below-stick-meta":"","astra-migrate-meta-layouts":"set","ast-page-background-enabled":"default","ast-page-background-meta":{"desktop":{"background-color":"var(--ast-global-color-4)","background-image":"","background-repeat":"repeat","background-position":"center center","background-size":"auto","background-attachment":"scroll","background-type":"","background-media":"","overlay-type":"","overlay-color":"","overlay-opacity":"","overlay-gradient":""},"tablet":{"background-color":"","background-image":"","background-repeat":"repeat","background-position":"center center","background-size":"auto","background-attachment":"scroll","background-type":"","background-media":"","overlay-type":"","overlay-color":"","overlay-opacity":"","overlay-gradient":""},"mobile":{"background-color":"","background-image":"","background-repeat":"repeat","background-position":"center center","background-size":"auto","background-attachment":"scroll","background-type":"","background-media":"","overlay-type":"","overlay-color":"","overlay-opacity":"","overlay-gradient":""}},"ast-content-background-meta":{"desktop":{"background-color":"var(--ast-global-color-5)","background-image":"","background-repeat":"repeat","background-position":"center center","background-size":"auto","background-attachment":"scroll","background-type":"","background-media":"","overlay-type":"","overlay-color":"","overlay-opacity":"","overlay-gradient":""},"tablet":{"background-color":"var(--ast-global-color-5)","background-image":"","background-repeat":"repeat","background-position":"center center","background-size":"auto","background-attachment":"scroll","background-type":"","background-media":"","overlay-type":"","overlay-color":"","overlay-opacity":"","overlay-gradient":""},"mobile":{"background-color":"var(--ast-global-color-5)","background-image":"","background-repeat":"repeat","background-position":"center center","background-size":"auto","background-attachment":"scroll","background-type":"","background-media":"","overlay-type":"","overlay-color":"","overlay-opacity":"","overlay-gradient":""}},"repeater_packs":""},"product_brand":[],"product_cat":[68,66,70,87],"product_tag":[],"class_list":{"0":"post-9007","1":"product","2":"type-product","3":"status-publish","4":"has-post-thumbnail","6":"product_cat-day-time-activities","7":"product_cat-hen-fr-2","8":"product_cat-newest-fr-2","9":"product_cat-water-sports-activities","10":"desktop-align-left","11":"tablet-align-left","12":"mobile-align-left","14":"first","15":"instock","16":"shipping-taxable","17":"product-type-simple"},"yoast_head":"<!-- This site is optimized with the Yoast SEO plugin v26.8 - https:\/\/yoast.com\/product\/yoast-seo-wordpress\/ -->\n<title>Cours de danse Bollywood \u00e0 Barcelone<\/title>\n<meta name=\"description\" content=\"Apprenez des mouvements spicyen Espagne ! Pr\u00e9parez-vous \u00e0 bouger au rythme vibrant de Bollywood ! Ce cours de danse amusant vous fera vous d\u00e9hancher et\" \/>\n<meta name=\"robots\" content=\"index, follow, max-snippet:-1, max-image-preview:large, max-video-preview:-1\" \/>\n<link rel=\"canonical\" href=\"https:\/\/spanishbreak.com\/fr\/product\/dancing-classes-bollywood-danceclass\/\" \/>\n<meta property=\"og:locale\" content=\"fr_FR\" \/>\n<meta property=\"og:type\" content=\"article\" \/>\n<meta property=\"og:title\" content=\"Cours de danse Bollywood \u00e0 Barcelone\" \/>\n<meta property=\"og:description\" content=\"Apprenez des mouvements spicyen Espagne ! Pr\u00e9parez-vous \u00e0 bouger au rythme vibrant de Bollywood ! Ce cours de danse amusant vous fera vous d\u00e9hancher et\" \/>\n<meta property=\"og:url\" content=\"https:\/\/spanishbreak.com\/fr\/product\/dancing-classes-bollywood-danceclass\/\" \/>\n<meta property=\"og:site_name\" content=\"Spanishbreak\" \/>\n<meta property=\"article:publisher\" content=\"https:\/\/www.facebook.com\/spanishbreak\" \/>\n<meta property=\"article:modified_time\" content=\"2025-12-17T12:18:02+00:00\" \/>\n<meta property=\"og:image\" content=\"https:\/\/spanishbreak.com\/wp-content\/uploads\/2025\/04\/Captura-1.png\" \/>\n\t<meta property=\"og:image:width\" content=\"650\" \/>\n\t<meta property=\"og:image:height\" content=\"510\" \/>\n\t<meta property=\"og:image:type\" content=\"image\/png\" \/>\n<meta name=\"twitter:card\" content=\"summary_large_image\" \/>\n<meta name=\"twitter:label1\" content=\"Dur\u00e9e de lecture estim\u00e9e\" \/>\n\t<meta name=\"twitter:data1\" content=\"1 minute\" \/>\n<script type=\"application\/ld+json\" class=\"yoast-schema-graph\">{\"@context\":\"https:\/\/schema.org\",\"@graph\":[{\"@type\":[\"WebPage\",\"ItemPage\"],\"@id\":\"https:\/\/spanishbreak.com\/fr\/product\/dancing-classes-bollywood-danceclass\/\",\"url\":\"https:\/\/spanishbreak.com\/fr\/product\/dancing-classes-bollywood-danceclass\/\",\"name\":\"Cours de danse Bollywood \u00e0 Barcelone\",\"isPartOf\":{\"@id\":\"https:\/\/spanishbreak.com\/#website\"},\"primaryImageOfPage\":{\"@id\":\"https:\/\/spanishbreak.com\/fr\/product\/dancing-classes-bollywood-danceclass\/#primaryimage\"},\"image\":{\"@id\":\"https:\/\/spanishbreak.com\/fr\/product\/dancing-classes-bollywood-danceclass\/#primaryimage\"},\"thumbnailUrl\":\"https:\/\/spanishbreak.com\/wp-content\/uploads\/2025\/04\/Captura-1.png\",\"datePublished\":\"2025-04-07T11:49:32+00:00\",\"dateModified\":\"2025-12-17T12:18:02+00:00\",\"description\":\"Apprenez des mouvements spicyen Espagne ! Pr\u00e9parez-vous \u00e0 bouger au rythme vibrant de Bollywood ! Ce cours de danse amusant vous fera vous d\u00e9hancher et\",\"breadcrumb\":{\"@id\":\"https:\/\/spanishbreak.com\/fr\/product\/dancing-classes-bollywood-danceclass\/#breadcrumb\"},\"inLanguage\":\"fr-FR\",\"potentialAction\":[{\"@type\":\"ReadAction\",\"target\":[\"https:\/\/spanishbreak.com\/fr\/product\/dancing-classes-bollywood-danceclass\/\"]}]},{\"@type\":\"ImageObject\",\"inLanguage\":\"fr-FR\",\"@id\":\"https:\/\/spanishbreak.com\/fr\/product\/dancing-classes-bollywood-danceclass\/#primaryimage\",\"url\":\"https:\/\/spanishbreak.com\/wp-content\/uploads\/2025\/04\/Captura-1.png\",\"contentUrl\":\"https:\/\/spanishbreak.com\/wp-content\/uploads\/2025\/04\/Captura-1.png\",\"width\":650,\"height\":510},{\"@type\":\"BreadcrumbList\",\"@id\":\"https:\/\/spanishbreak.com\/fr\/product\/dancing-classes-bollywood-danceclass\/#breadcrumb\",\"itemListElement\":[{\"@type\":\"ListItem\",\"position\":1,\"name\":\"Home\",\"item\":\"https:\/\/spanishbreak.com\/\"},{\"@type\":\"ListItem\",\"position\":2,\"name\":\"Boutique\",\"item\":\"https:\/\/spanishbreak.com\/boutique\/?lang=fr\"},{\"@type\":\"ListItem\",\"position\":3,\"name\":\"Cours de danse Bollywood\"}]},{\"@type\":\"WebSite\",\"@id\":\"https:\/\/spanishbreak.com\/#website\",\"url\":\"https:\/\/spanishbreak.com\/\",\"name\":\"Spanish Break\",\"description\":\"Otro sitio realizado con WordPress\",\"publisher\":{\"@id\":\"https:\/\/spanishbreak.com\/#organization\"},\"potentialAction\":[{\"@type\":\"SearchAction\",\"target\":{\"@type\":\"EntryPoint\",\"urlTemplate\":\"https:\/\/spanishbreak.com\/?s={search_term_string}\"},\"query-input\":{\"@type\":\"PropertyValueSpecification\",\"valueRequired\":true,\"valueName\":\"search_term_string\"}}],\"inLanguage\":\"fr-FR\"},{\"@type\":\"Organization\",\"@id\":\"https:\/\/spanishbreak.com\/#organization\",\"name\":\"Spanish Break\",\"url\":\"https:\/\/spanishbreak.com\/\",\"logo\":{\"@type\":\"ImageObject\",\"inLanguage\":\"fr-FR\",\"@id\":\"https:\/\/spanishbreak.com\/#\/schema\/logo\/image\/\",\"url\":\"https:\/\/spanishbreak.com\/wp-content\/uploads\/2024\/03\/logo-spanish-break.png\",\"contentUrl\":\"https:\/\/spanishbreak.com\/wp-content\/uploads\/2024\/03\/logo-spanish-break.png\",\"width\":323,\"height\":37,\"caption\":\"Spanish Break\"},\"image\":{\"@id\":\"https:\/\/spanishbreak.com\/#\/schema\/logo\/image\/\"},\"sameAs\":[\"https:\/\/www.facebook.com\/spanishbreak\",\"https:\/\/www.instagram.com\/spanishbreakbcn\/\"]}]}<\/script>\n<!-- \/ Yoast SEO plugin. -->","yoast_head_json":{"title":"Cours de danse Bollywood \u00e0 Barcelone","description":"Apprenez des mouvements spicyen Espagne ! Pr\u00e9parez-vous \u00e0 bouger au rythme vibrant de Bollywood ! Ce cours de danse amusant vous fera vous d\u00e9hancher et","robots":{"index":"index","follow":"follow","max-snippet":"max-snippet:-1","max-image-preview":"max-image-preview:large","max-video-preview":"max-video-preview:-1"},"canonical":"https:\/\/spanishbreak.com\/fr\/product\/dancing-classes-bollywood-danceclass\/","og_locale":"fr_FR","og_type":"article","og_title":"Cours de danse Bollywood \u00e0 Barcelone","og_description":"Apprenez des mouvements spicyen Espagne ! Pr\u00e9parez-vous \u00e0 bouger au rythme vibrant de Bollywood ! Ce cours de danse amusant vous fera vous d\u00e9hancher et","og_url":"https:\/\/spanishbreak.com\/fr\/product\/dancing-classes-bollywood-danceclass\/","og_site_name":"Spanishbreak","article_publisher":"https:\/\/www.facebook.com\/spanishbreak","article_modified_time":"2025-12-17T12:18:02+00:00","og_image":[{"width":650,"height":510,"url":"https:\/\/spanishbreak.com\/wp-content\/uploads\/2025\/04\/Captura-1.png","type":"image\/png"}],"twitter_card":"summary_large_image","twitter_misc":{"Dur\u00e9e de lecture estim\u00e9e":"1 minute"},"schema":{"@context":"https:\/\/schema.org","@graph":[{"@type":["WebPage","ItemPage"],"@id":"https:\/\/spanishbreak.com\/fr\/product\/dancing-classes-bollywood-danceclass\/","url":"https:\/\/spanishbreak.com\/fr\/product\/dancing-classes-bollywood-danceclass\/","name":"Cours de danse Bollywood \u00e0 Barcelone","isPartOf":{"@id":"https:\/\/spanishbreak.com\/#website"},"primaryImageOfPage":{"@id":"https:\/\/spanishbreak.com\/fr\/product\/dancing-classes-bollywood-danceclass\/#primaryimage"},"image":{"@id":"https:\/\/spanishbreak.com\/fr\/product\/dancing-classes-bollywood-danceclass\/#primaryimage"},"thumbnailUrl":"https:\/\/spanishbreak.com\/wp-content\/uploads\/2025\/04\/Captura-1.png","datePublished":"2025-04-07T11:49:32+00:00","dateModified":"2025-12-17T12:18:02+00:00","description":"Apprenez des mouvements spicyen Espagne ! Pr\u00e9parez-vous \u00e0 bouger au rythme vibrant de Bollywood ! Ce cours de danse amusant vous fera vous d\u00e9hancher et","breadcrumb":{"@id":"https:\/\/spanishbreak.com\/fr\/product\/dancing-classes-bollywood-danceclass\/#breadcrumb"},"inLanguage":"fr-FR","potentialAction":[{"@type":"ReadAction","target":["https:\/\/spanishbreak.com\/fr\/product\/dancing-classes-bollywood-danceclass\/"]}]},{"@type":"ImageObject","inLanguage":"fr-FR","@id":"https:\/\/spanishbreak.com\/fr\/product\/dancing-classes-bollywood-danceclass\/#primaryimage","url":"https:\/\/spanishbreak.com\/wp-content\/uploads\/2025\/04\/Captura-1.png","contentUrl":"https:\/\/spanishbreak.com\/wp-content\/uploads\/2025\/04\/Captura-1.png","width":650,"height":510},{"@type":"BreadcrumbList","@id":"https:\/\/spanishbreak.com\/fr\/product\/dancing-classes-bollywood-danceclass\/#breadcrumb","itemListElement":[{"@type":"ListItem","position":1,"name":"Home","item":"https:\/\/spanishbreak.com\/"},{"@type":"ListItem","position":2,"name":"Boutique","item":"https:\/\/spanishbreak.com\/boutique\/?lang=fr"},{"@type":"ListItem","position":3,"name":"Cours de danse Bollywood"}]},{"@type":"WebSite","@id":"https:\/\/spanishbreak.com\/#website","url":"https:\/\/spanishbreak.com\/","name":"Spanish Break","description":"Otro sitio realizado con WordPress","publisher":{"@id":"https:\/\/spanishbreak.com\/#organization"},"potentialAction":[{"@type":"SearchAction","target":{"@type":"EntryPoint","urlTemplate":"https:\/\/spanishbreak.com\/?s={search_term_string}"},"query-input":{"@type":"PropertyValueSpecification","valueRequired":true,"valueName":"search_term_string"}}],"inLanguage":"fr-FR"},{"@type":"Organization","@id":"https:\/\/spanishbreak.com\/#organization","name":"Spanish Break","url":"https:\/\/spanishbreak.com\/","logo":{"@type":"ImageObject","inLanguage":"fr-FR","@id":"https:\/\/spanishbreak.com\/#\/schema\/logo\/image\/","url":"https:\/\/spanishbreak.com\/wp-content\/uploads\/2024\/03\/logo-spanish-break.png","contentUrl":"https:\/\/spanishbreak.com\/wp-content\/uploads\/2024\/03\/logo-spanish-break.png","width":323,"height":37,"caption":"Spanish Break"},"image":{"@id":"https:\/\/spanishbreak.com\/#\/schema\/logo\/image\/"},"sameAs":["https:\/\/www.facebook.com\/spanishbreak","https:\/\/www.instagram.com\/spanishbreakbcn\/"]}]}},"_links":{"self":[{"href":"https:\/\/spanishbreak.com\/fr\/wp-json\/wp\/v2\/product\/9007","targetHints":{"allow":["GET"]}}],"collection":[{"href":"https:\/\/spanishbreak.com\/fr\/wp-json\/wp\/v2\/product"}],"about":[{"href":"https:\/\/spanishbreak.com\/fr\/wp-json\/wp\/v2\/types\/product"}],"replies":[{"embeddable":true,"href":"https:\/\/spanishbreak.com\/fr\/wp-json\/wp\/v2\/comments?post=9007"}],"wp:featuredmedia":[{"embeddable":true,"href":"https:\/\/spanishbreak.com\/fr\/wp-json\/wp\/v2\/media\/9003"}],"wp:attachment":[{"href":"https:\/\/spanishbreak.com\/fr\/wp-json\/wp\/v2\/media?parent=9007"}],"wp:term":[{"taxonomy":"product_brand","embeddable":true,"href":"https:\/\/spanishbreak.com\/fr\/wp-json\/wp\/v2\/product_brand?post=9007"},{"taxonomy":"product_cat","embeddable":true,"href":"https:\/\/spanishbreak.com\/fr\/wp-json\/wp\/v2\/product_cat?post=9007"},{"taxonomy":"product_tag","embeddable":true,"href":"https:\/\/spanishbreak.com\/fr\/wp-json\/wp\/v2\/product_tag?post=9007"}],"curies":[{"name":"wp","href":"https:\/\/api.w.org\/{rel}","templated":true}]}}