{"id":9034,"date":"2025-04-07T15:04:23","date_gmt":"2025-04-07T13:04:23","guid":{"rendered":"https:\/\/spanishbreak.com\/product\/dancing-classes-twerk\/"},"modified":"2025-12-17T13:16:53","modified_gmt":"2025-12-17T12:16:53","slug":"dancing-classes-twerk","status":"publish","type":"product","link":"https:\/\/spanishbreak.com\/fr\/product\/dancing-classes-twerk\/","title":{"rendered":"Cours de Twerk"},"content":{"rendered":"<p><strong>Profitez d&rsquo;1 heure de cours priv\u00e9 pour devenir une vraie danseuse de Twerk !<\/strong><\/p>\n<p>Venez d\u00e9couvrir cette danse qui allie aussi bien technique que sensualit\u00e9, vous serez \u00e9tonn\u00e9es de constater que ces mouvements sont plus durs \u00e0 faire que l&rsquo;on ne le pense !<\/p>\n<p>Vous pouvez choisir de pimenter les choses avec de la salsa espagnole sensuelle et du flamenco (o\u00f9 mieux qu&rsquo;ici ?), de vous montrer effront\u00e9 avec de la pole dance et du burlesque, ou m\u00eame de danser sur de la Zumba et du hip-hop.<\/p>\n<p>&nbsp;<\/p>\n<p>Ce ne sont que quelques-uns &#8211; vous pouvez trouver la liste compl\u00e8te ici :<\/p>\n<ul>\n<li>Salsa\/ Flamenco \/ Pole Dance sexy\/ Burlesque sexy\/ Twerk \/ Cheerleading \/ Reggaeton \/ Zumba<\/li>\n<\/ul>\n","protected":false},"excerpt":{"rendered":"<p>Profitez d&rsquo;1 heure de cours priv\u00e9 pour devenir une vraie danseuse de Twerk ! Venez d\u00e9couvrir cette danse qui allie aussi bien technique que sensualit\u00e9, vous serez \u00e9tonn\u00e9es de constater que ces mouvements sont plus durs \u00e0 faire que l&rsquo;on ne le pense ! Vous pouvez choisir de pimenter les choses avec de la salsa [&hellip;]<\/p>\n","protected":false},"featured_media":9033,"comment_status":"closed","ping_status":"closed","template":"","meta":{"site-sidebar-layout":"default","site-content-layout":"","ast-site-content-layout":"default","site-content-style":"default","site-sidebar-style":"default","ast-global-header-display":"","ast-banner-title-visibility":"","ast-main-header-display":"","ast-hfb-above-header-display":"","ast-hfb-below-header-display":"","ast-hfb-mobile-header-display":"","site-post-title":"","ast-breadcrumbs-content":"","ast-featured-img":"","footer-sml-layout":"","theme-transparent-header-meta":"default","adv-header-id-meta":"","stick-header-meta":"","header-above-stick-meta":"","header-main-stick-meta":"","header-below-stick-meta":"","astra-migrate-meta-layouts":"set","ast-page-background-enabled":"default","ast-page-background-meta":{"desktop":{"background-color":"var(--ast-global-color-4)","background-image":"","background-repeat":"repeat","background-position":"center center","background-size":"auto","background-attachment":"scroll","background-type":"","background-media":"","overlay-type":"","overlay-color":"","overlay-opacity":"","overlay-gradient":""},"tablet":{"background-color":"","background-image":"","background-repeat":"repeat","background-position":"center center","background-size":"auto","background-attachment":"scroll","background-type":"","background-media":"","overlay-type":"","overlay-color":"","overlay-opacity":"","overlay-gradient":""},"mobile":{"background-color":"","background-image":"","background-repeat":"repeat","background-position":"center center","background-size":"auto","background-attachment":"scroll","background-type":"","background-media":"","overlay-type":"","overlay-color":"","overlay-opacity":"","overlay-gradient":""}},"ast-content-background-meta":{"desktop":{"background-color":"var(--ast-global-color-5)","background-image":"","background-repeat":"repeat","background-position":"center center","background-size":"auto","background-attachment":"scroll","background-type":"","background-media":"","overlay-type":"","overlay-color":"","overlay-opacity":"","overlay-gradient":""},"tablet":{"background-color":"var(--ast-global-color-5)","background-image":"","background-repeat":"repeat","background-position":"center center","background-size":"auto","background-attachment":"scroll","background-type":"","background-media":"","overlay-type":"","overlay-color":"","overlay-opacity":"","overlay-gradient":""},"mobile":{"background-color":"var(--ast-global-color-5)","background-image":"","background-repeat":"repeat","background-position":"center center","background-size":"auto","background-attachment":"scroll","background-type":"","background-media":"","overlay-type":"","overlay-color":"","overlay-opacity":"","overlay-gradient":""}},"repeater_packs":""},"product_brand":[],"product_cat":[68,66,87],"product_tag":[],"class_list":{"0":"post-9034","1":"product","2":"type-product","3":"status-publish","4":"has-post-thumbnail","6":"product_cat-day-time-activities","7":"product_cat-hen-fr-2","8":"product_cat-water-sports-activities","9":"desktop-align-left","10":"tablet-align-left","11":"mobile-align-left","13":"first","14":"instock","15":"shipping-taxable","16":"product-type-simple"},"yoast_head":"<!-- This site is optimized with the Yoast SEO plugin v26.8 - https:\/\/yoast.com\/product\/yoast-seo-wordpress\/ -->\n<title>Cours de Twerk \u00e0 Barcelone<\/title>\n<meta name=\"description\" content=\"Profitez d&#039;1 heure de cours priv\u00e9 pour devenir une vraie danseuse de Twerk ! Venez d\u00e9couvrir cette danse qui allie aussi bien technique que sensualit\u00e9,\" \/>\n<meta name=\"robots\" content=\"index, follow, max-snippet:-1, max-image-preview:large, max-video-preview:-1\" \/>\n<link rel=\"canonical\" href=\"https:\/\/spanishbreak.com\/fr\/product\/dancing-classes-twerk\/\" \/>\n<meta property=\"og:locale\" content=\"fr_FR\" \/>\n<meta property=\"og:type\" content=\"article\" \/>\n<meta property=\"og:title\" content=\"Cours de Twerk \u00e0 Barcelone\" \/>\n<meta property=\"og:description\" content=\"Profitez d&#039;1 heure de cours priv\u00e9 pour devenir une vraie danseuse de Twerk ! Venez d\u00e9couvrir cette danse qui allie aussi bien technique que sensualit\u00e9,\" \/>\n<meta property=\"og:url\" content=\"https:\/\/spanishbreak.com\/fr\/product\/dancing-classes-twerk\/\" \/>\n<meta property=\"og:site_name\" content=\"Spanishbreak\" \/>\n<meta property=\"article:publisher\" content=\"https:\/\/www.facebook.com\/spanishbreak\" \/>\n<meta property=\"article:modified_time\" content=\"2025-12-17T12:16:53+00:00\" \/>\n<meta property=\"og:image\" content=\"https:\/\/spanishbreak.com\/wp-content\/uploads\/2025\/04\/Captura-2.png\" \/>\n\t<meta property=\"og:image:width\" content=\"908\" \/>\n\t<meta property=\"og:image:height\" content=\"637\" \/>\n\t<meta property=\"og:image:type\" content=\"image\/png\" \/>\n<meta name=\"twitter:card\" content=\"summary_large_image\" \/>\n<meta name=\"twitter:label1\" content=\"Dur\u00e9e de lecture estim\u00e9e\" \/>\n\t<meta name=\"twitter:data1\" content=\"1 minute\" \/>\n<script type=\"application\/ld+json\" class=\"yoast-schema-graph\">{\"@context\":\"https:\/\/schema.org\",\"@graph\":[{\"@type\":[\"WebPage\",\"ItemPage\"],\"@id\":\"https:\/\/spanishbreak.com\/fr\/product\/dancing-classes-twerk\/\",\"url\":\"https:\/\/spanishbreak.com\/fr\/product\/dancing-classes-twerk\/\",\"name\":\"Cours de Twerk \u00e0 Barcelone\",\"isPartOf\":{\"@id\":\"https:\/\/spanishbreak.com\/#website\"},\"primaryImageOfPage\":{\"@id\":\"https:\/\/spanishbreak.com\/fr\/product\/dancing-classes-twerk\/#primaryimage\"},\"image\":{\"@id\":\"https:\/\/spanishbreak.com\/fr\/product\/dancing-classes-twerk\/#primaryimage\"},\"thumbnailUrl\":\"https:\/\/spanishbreak.com\/wp-content\/uploads\/2025\/04\/Captura-2.png\",\"datePublished\":\"2025-04-07T13:04:23+00:00\",\"dateModified\":\"2025-12-17T12:16:53+00:00\",\"description\":\"Profitez d'1 heure de cours priv\u00e9 pour devenir une vraie danseuse de Twerk ! Venez d\u00e9couvrir cette danse qui allie aussi bien technique que sensualit\u00e9,\",\"breadcrumb\":{\"@id\":\"https:\/\/spanishbreak.com\/fr\/product\/dancing-classes-twerk\/#breadcrumb\"},\"inLanguage\":\"fr-FR\",\"potentialAction\":[{\"@type\":\"ReadAction\",\"target\":[\"https:\/\/spanishbreak.com\/fr\/product\/dancing-classes-twerk\/\"]}]},{\"@type\":\"ImageObject\",\"inLanguage\":\"fr-FR\",\"@id\":\"https:\/\/spanishbreak.com\/fr\/product\/dancing-classes-twerk\/#primaryimage\",\"url\":\"https:\/\/spanishbreak.com\/wp-content\/uploads\/2025\/04\/Captura-2.png\",\"contentUrl\":\"https:\/\/spanishbreak.com\/wp-content\/uploads\/2025\/04\/Captura-2.png\",\"width\":908,\"height\":637},{\"@type\":\"BreadcrumbList\",\"@id\":\"https:\/\/spanishbreak.com\/fr\/product\/dancing-classes-twerk\/#breadcrumb\",\"itemListElement\":[{\"@type\":\"ListItem\",\"position\":1,\"name\":\"Home\",\"item\":\"https:\/\/spanishbreak.com\/\"},{\"@type\":\"ListItem\",\"position\":2,\"name\":\"Boutique\",\"item\":\"https:\/\/spanishbreak.com\/boutique\/?lang=fr\"},{\"@type\":\"ListItem\",\"position\":3,\"name\":\"Cours de Twerk\"}]},{\"@type\":\"WebSite\",\"@id\":\"https:\/\/spanishbreak.com\/#website\",\"url\":\"https:\/\/spanishbreak.com\/\",\"name\":\"Spanish Break\",\"description\":\"Otro sitio realizado con WordPress\",\"publisher\":{\"@id\":\"https:\/\/spanishbreak.com\/#organization\"},\"potentialAction\":[{\"@type\":\"SearchAction\",\"target\":{\"@type\":\"EntryPoint\",\"urlTemplate\":\"https:\/\/spanishbreak.com\/?s={search_term_string}\"},\"query-input\":{\"@type\":\"PropertyValueSpecification\",\"valueRequired\":true,\"valueName\":\"search_term_string\"}}],\"inLanguage\":\"fr-FR\"},{\"@type\":\"Organization\",\"@id\":\"https:\/\/spanishbreak.com\/#organization\",\"name\":\"Spanish Break\",\"url\":\"https:\/\/spanishbreak.com\/\",\"logo\":{\"@type\":\"ImageObject\",\"inLanguage\":\"fr-FR\",\"@id\":\"https:\/\/spanishbreak.com\/#\/schema\/logo\/image\/\",\"url\":\"https:\/\/spanishbreak.com\/wp-content\/uploads\/2024\/03\/logo-spanish-break.png\",\"contentUrl\":\"https:\/\/spanishbreak.com\/wp-content\/uploads\/2024\/03\/logo-spanish-break.png\",\"width\":323,\"height\":37,\"caption\":\"Spanish Break\"},\"image\":{\"@id\":\"https:\/\/spanishbreak.com\/#\/schema\/logo\/image\/\"},\"sameAs\":[\"https:\/\/www.facebook.com\/spanishbreak\",\"https:\/\/www.instagram.com\/spanishbreakbcn\/\"]}]}<\/script>\n<!-- \/ Yoast SEO plugin. -->","yoast_head_json":{"title":"Cours de Twerk \u00e0 Barcelone","description":"Profitez d'1 heure de cours priv\u00e9 pour devenir une vraie danseuse de Twerk ! Venez d\u00e9couvrir cette danse qui allie aussi bien technique que sensualit\u00e9,","robots":{"index":"index","follow":"follow","max-snippet":"max-snippet:-1","max-image-preview":"max-image-preview:large","max-video-preview":"max-video-preview:-1"},"canonical":"https:\/\/spanishbreak.com\/fr\/product\/dancing-classes-twerk\/","og_locale":"fr_FR","og_type":"article","og_title":"Cours de Twerk \u00e0 Barcelone","og_description":"Profitez d'1 heure de cours priv\u00e9 pour devenir une vraie danseuse de Twerk ! Venez d\u00e9couvrir cette danse qui allie aussi bien technique que sensualit\u00e9,","og_url":"https:\/\/spanishbreak.com\/fr\/product\/dancing-classes-twerk\/","og_site_name":"Spanishbreak","article_publisher":"https:\/\/www.facebook.com\/spanishbreak","article_modified_time":"2025-12-17T12:16:53+00:00","og_image":[{"width":908,"height":637,"url":"https:\/\/spanishbreak.com\/wp-content\/uploads\/2025\/04\/Captura-2.png","type":"image\/png"}],"twitter_card":"summary_large_image","twitter_misc":{"Dur\u00e9e de lecture estim\u00e9e":"1 minute"},"schema":{"@context":"https:\/\/schema.org","@graph":[{"@type":["WebPage","ItemPage"],"@id":"https:\/\/spanishbreak.com\/fr\/product\/dancing-classes-twerk\/","url":"https:\/\/spanishbreak.com\/fr\/product\/dancing-classes-twerk\/","name":"Cours de Twerk \u00e0 Barcelone","isPartOf":{"@id":"https:\/\/spanishbreak.com\/#website"},"primaryImageOfPage":{"@id":"https:\/\/spanishbreak.com\/fr\/product\/dancing-classes-twerk\/#primaryimage"},"image":{"@id":"https:\/\/spanishbreak.com\/fr\/product\/dancing-classes-twerk\/#primaryimage"},"thumbnailUrl":"https:\/\/spanishbreak.com\/wp-content\/uploads\/2025\/04\/Captura-2.png","datePublished":"2025-04-07T13:04:23+00:00","dateModified":"2025-12-17T12:16:53+00:00","description":"Profitez d'1 heure de cours priv\u00e9 pour devenir une vraie danseuse de Twerk ! Venez d\u00e9couvrir cette danse qui allie aussi bien technique que sensualit\u00e9,","breadcrumb":{"@id":"https:\/\/spanishbreak.com\/fr\/product\/dancing-classes-twerk\/#breadcrumb"},"inLanguage":"fr-FR","potentialAction":[{"@type":"ReadAction","target":["https:\/\/spanishbreak.com\/fr\/product\/dancing-classes-twerk\/"]}]},{"@type":"ImageObject","inLanguage":"fr-FR","@id":"https:\/\/spanishbreak.com\/fr\/product\/dancing-classes-twerk\/#primaryimage","url":"https:\/\/spanishbreak.com\/wp-content\/uploads\/2025\/04\/Captura-2.png","contentUrl":"https:\/\/spanishbreak.com\/wp-content\/uploads\/2025\/04\/Captura-2.png","width":908,"height":637},{"@type":"BreadcrumbList","@id":"https:\/\/spanishbreak.com\/fr\/product\/dancing-classes-twerk\/#breadcrumb","itemListElement":[{"@type":"ListItem","position":1,"name":"Home","item":"https:\/\/spanishbreak.com\/"},{"@type":"ListItem","position":2,"name":"Boutique","item":"https:\/\/spanishbreak.com\/boutique\/?lang=fr"},{"@type":"ListItem","position":3,"name":"Cours de Twerk"}]},{"@type":"WebSite","@id":"https:\/\/spanishbreak.com\/#website","url":"https:\/\/spanishbreak.com\/","name":"Spanish Break","description":"Otro sitio realizado con WordPress","publisher":{"@id":"https:\/\/spanishbreak.com\/#organization"},"potentialAction":[{"@type":"SearchAction","target":{"@type":"EntryPoint","urlTemplate":"https:\/\/spanishbreak.com\/?s={search_term_string}"},"query-input":{"@type":"PropertyValueSpecification","valueRequired":true,"valueName":"search_term_string"}}],"inLanguage":"fr-FR"},{"@type":"Organization","@id":"https:\/\/spanishbreak.com\/#organization","name":"Spanish Break","url":"https:\/\/spanishbreak.com\/","logo":{"@type":"ImageObject","inLanguage":"fr-FR","@id":"https:\/\/spanishbreak.com\/#\/schema\/logo\/image\/","url":"https:\/\/spanishbreak.com\/wp-content\/uploads\/2024\/03\/logo-spanish-break.png","contentUrl":"https:\/\/spanishbreak.com\/wp-content\/uploads\/2024\/03\/logo-spanish-break.png","width":323,"height":37,"caption":"Spanish Break"},"image":{"@id":"https:\/\/spanishbreak.com\/#\/schema\/logo\/image\/"},"sameAs":["https:\/\/www.facebook.com\/spanishbreak","https:\/\/www.instagram.com\/spanishbreakbcn\/"]}]}},"_links":{"self":[{"href":"https:\/\/spanishbreak.com\/fr\/wp-json\/wp\/v2\/product\/9034","targetHints":{"allow":["GET"]}}],"collection":[{"href":"https:\/\/spanishbreak.com\/fr\/wp-json\/wp\/v2\/product"}],"about":[{"href":"https:\/\/spanishbreak.com\/fr\/wp-json\/wp\/v2\/types\/product"}],"replies":[{"embeddable":true,"href":"https:\/\/spanishbreak.com\/fr\/wp-json\/wp\/v2\/comments?post=9034"}],"wp:featuredmedia":[{"embeddable":true,"href":"https:\/\/spanishbreak.com\/fr\/wp-json\/wp\/v2\/media\/9033"}],"wp:attachment":[{"href":"https:\/\/spanishbreak.com\/fr\/wp-json\/wp\/v2\/media?parent=9034"}],"wp:term":[{"taxonomy":"product_brand","embeddable":true,"href":"https:\/\/spanishbreak.com\/fr\/wp-json\/wp\/v2\/product_brand?post=9034"},{"taxonomy":"product_cat","embeddable":true,"href":"https:\/\/spanishbreak.com\/fr\/wp-json\/wp\/v2\/product_cat?post=9034"},{"taxonomy":"product_tag","embeddable":true,"href":"https:\/\/spanishbreak.com\/fr\/wp-json\/wp\/v2\/product_tag?post=9034"}],"curies":[{"name":"wp","href":"https:\/\/api.w.org\/{rel}","templated":true}]}}