{"id":9041,"date":"2025-04-07T15:23:54","date_gmt":"2025-04-07T13:23:54","guid":{"rendered":"https:\/\/spanishbreak.com\/product\/female-model-life-drawing\/"},"modified":"2025-12-17T13:16:20","modified_gmt":"2025-12-17T12:16:20","slug":"female-model-life-drawing","status":"publish","type":"product","link":"https:\/\/spanishbreak.com\/fr\/product\/female-model-life-drawing\/","title":{"rendered":"Cours nu artistique &#8211; Mod\u00e8le f\u00e9minin"},"content":{"rendered":"<p>Embarquez pour une aventure artistique et audacieuse avec notre cours de dessin de nature morte sur mod\u00e8le f\u00e9minin, la fusion ultime de la cr\u00e9ativit\u00e9, de la sensualit\u00e9 et de la c\u00e9l\u00e9bration.<\/p>\n<p>Cette activit\u00e9 unique comprend un mod\u00e8le f\u00e9minin nu captivant, un professeur de dessin comp\u00e9tent, un verre de cava pour chaque participant et tout le mat\u00e9riel de dessin n\u00e9cessaire.<\/p>\n<p>Les 30 premi\u00e8res minutes sont consacr\u00e9es \u00e0 l&rsquo;apprentissage des bases du dessin, afin de s&rsquo;assurer que chacun poss\u00e8de les comp\u00e9tences n\u00e9cessaires pour capturer la beaut\u00e9 qui s&rsquo;offre \u00e0 lui. Apr\u00e8s des exercices de dessin attrayants, le mod\u00e8le prend le devant de la sc\u00e8ne tandis que les participants pr\u00e9sentent leurs talents. Le mod\u00e8le, \u00e0 son tour, s\u00e9lectionne le \u00ab\u00a0meilleur artiste\u00a0\u00bbet le r\u00e9compense avec un prix sp\u00e9cial &#8211; les options vont d&rsquo;une danse \u00e0 un massage, en passant par une pose provocante avec le\u00a0 mod\u00e8le.<\/p>\n<p>Le grand final met en sc\u00e8ne le mari\u00e9 sous les feux de la rampe. Dans un esprit ludique, il pose avec le mannequin, d&rsquo;abord en sous-v\u00eatements. Ensuite, le mod\u00e8le transforme le mari\u00e9 en le parant d&rsquo;une tenue BDSM\/f\u00e9tichisme pour une pose commune qui devient une \u0153uvre d&rsquo;art unique. La s\u00e9ance se termine par une photo de groupe, qui immortalise les moments inoubliables de cette c\u00e9l\u00e9bration audacieuse et artistique.<\/p>\n<p>C&rsquo;est une exp\u00e9rience d&rsquo;enterrement de vie de gar\u00e7on qui m\u00eale harmonieusement l&rsquo;expression artistique, l&rsquo;amusement et une touche d&rsquo;excitation os\u00e9e.<\/p>\n","protected":false},"excerpt":{"rendered":"<p>Embarquez pour une aventure artistique et audacieuse avec notre cours de dessin de nature morte sur mod\u00e8le f\u00e9minin, la fusion ultime de la cr\u00e9ativit\u00e9, de la sensualit\u00e9 et de la c\u00e9l\u00e9bration. Cette activit\u00e9 unique comprend un mod\u00e8le f\u00e9minin nu captivant, un professeur de dessin comp\u00e9tent, un verre de cava pour chaque participant et tout le [&hellip;]<\/p>\n","protected":false},"featured_media":9040,"comment_status":"closed","ping_status":"closed","template":"","meta":{"site-sidebar-layout":"default","site-content-layout":"","ast-site-content-layout":"default","site-content-style":"default","site-sidebar-style":"default","ast-global-header-display":"","ast-banner-title-visibility":"","ast-main-header-display":"","ast-hfb-above-header-display":"","ast-hfb-below-header-display":"","ast-hfb-mobile-header-display":"","site-post-title":"","ast-breadcrumbs-content":"","ast-featured-img":"","footer-sml-layout":"","theme-transparent-header-meta":"default","adv-header-id-meta":"","stick-header-meta":"","header-above-stick-meta":"","header-main-stick-meta":"","header-below-stick-meta":"","astra-migrate-meta-layouts":"set","ast-page-background-enabled":"default","ast-page-background-meta":{"desktop":{"background-color":"var(--ast-global-color-4)","background-image":"","background-repeat":"repeat","background-position":"center center","background-size":"auto","background-attachment":"scroll","background-type":"","background-media":"","overlay-type":"","overlay-color":"","overlay-opacity":"","overlay-gradient":""},"tablet":{"background-color":"","background-image":"","background-repeat":"repeat","background-position":"center center","background-size":"auto","background-attachment":"scroll","background-type":"","background-media":"","overlay-type":"","overlay-color":"","overlay-opacity":"","overlay-gradient":""},"mobile":{"background-color":"","background-image":"","background-repeat":"repeat","background-position":"center center","background-size":"auto","background-attachment":"scroll","background-type":"","background-media":"","overlay-type":"","overlay-color":"","overlay-opacity":"","overlay-gradient":""}},"ast-content-background-meta":{"desktop":{"background-color":"var(--ast-global-color-5)","background-image":"","background-repeat":"repeat","background-position":"center center","background-size":"auto","background-attachment":"scroll","background-type":"","background-media":"","overlay-type":"","overlay-color":"","overlay-opacity":"","overlay-gradient":""},"tablet":{"background-color":"var(--ast-global-color-5)","background-image":"","background-repeat":"repeat","background-position":"center center","background-size":"auto","background-attachment":"scroll","background-type":"","background-media":"","overlay-type":"","overlay-color":"","overlay-opacity":"","overlay-gradient":""},"mobile":{"background-color":"var(--ast-global-color-5)","background-image":"","background-repeat":"repeat","background-position":"center center","background-size":"auto","background-attachment":"scroll","background-type":"","background-media":"","overlay-type":"","overlay-color":"","overlay-opacity":"","overlay-gradient":""}},"repeater_packs":""},"product_brand":[],"product_cat":[73],"product_tag":[],"class_list":{"0":"post-9041","1":"product","2":"type-product","3":"status-publish","4":"has-post-thumbnail","6":"product_cat-stag-fr","7":"desktop-align-left","8":"tablet-align-left","9":"mobile-align-left","11":"first","12":"instock","13":"shipping-taxable","14":"product-type-simple"},"yoast_head":"<!-- This site is optimized with the Yoast SEO plugin v26.8 - https:\/\/yoast.com\/product\/yoast-seo-wordpress\/ -->\n<title>Cours nu artistique - Mod\u00e8le f\u00e9minin \u00e0 Barcelone<\/title>\n<meta name=\"description\" content=\"Embarquez pour une aventure artistique et audacieuse avec notre cours de dessin de nature morte sur mod\u00e8le f\u00e9minin, la fusion ultime de la cr\u00e9ativit\u00e9, de\" \/>\n<meta name=\"robots\" content=\"index, follow, max-snippet:-1, max-image-preview:large, max-video-preview:-1\" \/>\n<link rel=\"canonical\" href=\"https:\/\/spanishbreak.com\/fr\/product\/female-model-life-drawing\/\" \/>\n<meta property=\"og:locale\" content=\"fr_FR\" \/>\n<meta property=\"og:type\" content=\"article\" \/>\n<meta property=\"og:title\" content=\"Cours nu artistique - Mod\u00e8le f\u00e9minin \u00e0 Barcelone\" \/>\n<meta property=\"og:description\" content=\"Embarquez pour une aventure artistique et audacieuse avec notre cours de dessin de nature morte sur mod\u00e8le f\u00e9minin, la fusion ultime de la cr\u00e9ativit\u00e9, de\" \/>\n<meta property=\"og:url\" content=\"https:\/\/spanishbreak.com\/fr\/product\/female-model-life-drawing\/\" \/>\n<meta property=\"og:site_name\" content=\"Spanishbreak\" \/>\n<meta property=\"article:publisher\" content=\"https:\/\/www.facebook.com\/spanishbreak\" \/>\n<meta property=\"article:modified_time\" content=\"2025-12-17T12:16:20+00:00\" \/>\n<meta property=\"og:image\" content=\"https:\/\/spanishbreak.com\/wp-content\/uploads\/2025\/04\/depositphotos_441145860-stock-photo-painter-at-the-easel-draws.webp\" \/>\n\t<meta property=\"og:image:width\" content=\"600\" \/>\n\t<meta property=\"og:image:height\" content=\"400\" \/>\n\t<meta property=\"og:image:type\" content=\"image\/webp\" \/>\n<meta name=\"twitter:card\" content=\"summary_large_image\" \/>\n<meta name=\"twitter:label1\" content=\"Dur\u00e9e de lecture estim\u00e9e\" \/>\n\t<meta name=\"twitter:data1\" content=\"2 minutes\" \/>\n<script type=\"application\/ld+json\" class=\"yoast-schema-graph\">{\"@context\":\"https:\/\/schema.org\",\"@graph\":[{\"@type\":[\"WebPage\",\"ItemPage\"],\"@id\":\"https:\/\/spanishbreak.com\/fr\/product\/female-model-life-drawing\/\",\"url\":\"https:\/\/spanishbreak.com\/fr\/product\/female-model-life-drawing\/\",\"name\":\"Cours nu artistique - Mod\u00e8le f\u00e9minin \u00e0 Barcelone\",\"isPartOf\":{\"@id\":\"https:\/\/spanishbreak.com\/#website\"},\"primaryImageOfPage\":{\"@id\":\"https:\/\/spanishbreak.com\/fr\/product\/female-model-life-drawing\/#primaryimage\"},\"image\":{\"@id\":\"https:\/\/spanishbreak.com\/fr\/product\/female-model-life-drawing\/#primaryimage\"},\"thumbnailUrl\":\"https:\/\/spanishbreak.com\/wp-content\/uploads\/2025\/04\/depositphotos_441145860-stock-photo-painter-at-the-easel-draws.webp\",\"datePublished\":\"2025-04-07T13:23:54+00:00\",\"dateModified\":\"2025-12-17T12:16:20+00:00\",\"description\":\"Embarquez pour une aventure artistique et audacieuse avec notre cours de dessin de nature morte sur mod\u00e8le f\u00e9minin, la fusion ultime de la cr\u00e9ativit\u00e9, de\",\"breadcrumb\":{\"@id\":\"https:\/\/spanishbreak.com\/fr\/product\/female-model-life-drawing\/#breadcrumb\"},\"inLanguage\":\"fr-FR\",\"potentialAction\":[{\"@type\":\"ReadAction\",\"target\":[\"https:\/\/spanishbreak.com\/fr\/product\/female-model-life-drawing\/\"]}]},{\"@type\":\"ImageObject\",\"inLanguage\":\"fr-FR\",\"@id\":\"https:\/\/spanishbreak.com\/fr\/product\/female-model-life-drawing\/#primaryimage\",\"url\":\"https:\/\/spanishbreak.com\/wp-content\/uploads\/2025\/04\/depositphotos_441145860-stock-photo-painter-at-the-easel-draws.webp\",\"contentUrl\":\"https:\/\/spanishbreak.com\/wp-content\/uploads\/2025\/04\/depositphotos_441145860-stock-photo-painter-at-the-easel-draws.webp\",\"width\":600,\"height\":400},{\"@type\":\"BreadcrumbList\",\"@id\":\"https:\/\/spanishbreak.com\/fr\/product\/female-model-life-drawing\/#breadcrumb\",\"itemListElement\":[{\"@type\":\"ListItem\",\"position\":1,\"name\":\"Home\",\"item\":\"https:\/\/spanishbreak.com\/\"},{\"@type\":\"ListItem\",\"position\":2,\"name\":\"Boutique\",\"item\":\"https:\/\/spanishbreak.com\/boutique\/?lang=fr\"},{\"@type\":\"ListItem\",\"position\":3,\"name\":\"Cours nu artistique &#8211; Mod\u00e8le f\u00e9minin\"}]},{\"@type\":\"WebSite\",\"@id\":\"https:\/\/spanishbreak.com\/#website\",\"url\":\"https:\/\/spanishbreak.com\/\",\"name\":\"Spanish Break\",\"description\":\"Otro sitio realizado con WordPress\",\"publisher\":{\"@id\":\"https:\/\/spanishbreak.com\/#organization\"},\"potentialAction\":[{\"@type\":\"SearchAction\",\"target\":{\"@type\":\"EntryPoint\",\"urlTemplate\":\"https:\/\/spanishbreak.com\/?s={search_term_string}\"},\"query-input\":{\"@type\":\"PropertyValueSpecification\",\"valueRequired\":true,\"valueName\":\"search_term_string\"}}],\"inLanguage\":\"fr-FR\"},{\"@type\":\"Organization\",\"@id\":\"https:\/\/spanishbreak.com\/#organization\",\"name\":\"Spanish Break\",\"url\":\"https:\/\/spanishbreak.com\/\",\"logo\":{\"@type\":\"ImageObject\",\"inLanguage\":\"fr-FR\",\"@id\":\"https:\/\/spanishbreak.com\/#\/schema\/logo\/image\/\",\"url\":\"https:\/\/spanishbreak.com\/wp-content\/uploads\/2024\/03\/logo-spanish-break.png\",\"contentUrl\":\"https:\/\/spanishbreak.com\/wp-content\/uploads\/2024\/03\/logo-spanish-break.png\",\"width\":323,\"height\":37,\"caption\":\"Spanish Break\"},\"image\":{\"@id\":\"https:\/\/spanishbreak.com\/#\/schema\/logo\/image\/\"},\"sameAs\":[\"https:\/\/www.facebook.com\/spanishbreak\",\"https:\/\/www.instagram.com\/spanishbreakbcn\/\"]}]}<\/script>\n<!-- \/ Yoast SEO plugin. -->","yoast_head_json":{"title":"Cours nu artistique - Mod\u00e8le f\u00e9minin \u00e0 Barcelone","description":"Embarquez pour une aventure artistique et audacieuse avec notre cours de dessin de nature morte sur mod\u00e8le f\u00e9minin, la fusion ultime de la cr\u00e9ativit\u00e9, de","robots":{"index":"index","follow":"follow","max-snippet":"max-snippet:-1","max-image-preview":"max-image-preview:large","max-video-preview":"max-video-preview:-1"},"canonical":"https:\/\/spanishbreak.com\/fr\/product\/female-model-life-drawing\/","og_locale":"fr_FR","og_type":"article","og_title":"Cours nu artistique - Mod\u00e8le f\u00e9minin \u00e0 Barcelone","og_description":"Embarquez pour une aventure artistique et audacieuse avec notre cours de dessin de nature morte sur mod\u00e8le f\u00e9minin, la fusion ultime de la cr\u00e9ativit\u00e9, de","og_url":"https:\/\/spanishbreak.com\/fr\/product\/female-model-life-drawing\/","og_site_name":"Spanishbreak","article_publisher":"https:\/\/www.facebook.com\/spanishbreak","article_modified_time":"2025-12-17T12:16:20+00:00","og_image":[{"width":600,"height":400,"url":"https:\/\/spanishbreak.com\/wp-content\/uploads\/2025\/04\/depositphotos_441145860-stock-photo-painter-at-the-easel-draws.webp","type":"image\/webp"}],"twitter_card":"summary_large_image","twitter_misc":{"Dur\u00e9e de lecture estim\u00e9e":"2 minutes"},"schema":{"@context":"https:\/\/schema.org","@graph":[{"@type":["WebPage","ItemPage"],"@id":"https:\/\/spanishbreak.com\/fr\/product\/female-model-life-drawing\/","url":"https:\/\/spanishbreak.com\/fr\/product\/female-model-life-drawing\/","name":"Cours nu artistique - Mod\u00e8le f\u00e9minin \u00e0 Barcelone","isPartOf":{"@id":"https:\/\/spanishbreak.com\/#website"},"primaryImageOfPage":{"@id":"https:\/\/spanishbreak.com\/fr\/product\/female-model-life-drawing\/#primaryimage"},"image":{"@id":"https:\/\/spanishbreak.com\/fr\/product\/female-model-life-drawing\/#primaryimage"},"thumbnailUrl":"https:\/\/spanishbreak.com\/wp-content\/uploads\/2025\/04\/depositphotos_441145860-stock-photo-painter-at-the-easel-draws.webp","datePublished":"2025-04-07T13:23:54+00:00","dateModified":"2025-12-17T12:16:20+00:00","description":"Embarquez pour une aventure artistique et audacieuse avec notre cours de dessin de nature morte sur mod\u00e8le f\u00e9minin, la fusion ultime de la cr\u00e9ativit\u00e9, de","breadcrumb":{"@id":"https:\/\/spanishbreak.com\/fr\/product\/female-model-life-drawing\/#breadcrumb"},"inLanguage":"fr-FR","potentialAction":[{"@type":"ReadAction","target":["https:\/\/spanishbreak.com\/fr\/product\/female-model-life-drawing\/"]}]},{"@type":"ImageObject","inLanguage":"fr-FR","@id":"https:\/\/spanishbreak.com\/fr\/product\/female-model-life-drawing\/#primaryimage","url":"https:\/\/spanishbreak.com\/wp-content\/uploads\/2025\/04\/depositphotos_441145860-stock-photo-painter-at-the-easel-draws.webp","contentUrl":"https:\/\/spanishbreak.com\/wp-content\/uploads\/2025\/04\/depositphotos_441145860-stock-photo-painter-at-the-easel-draws.webp","width":600,"height":400},{"@type":"BreadcrumbList","@id":"https:\/\/spanishbreak.com\/fr\/product\/female-model-life-drawing\/#breadcrumb","itemListElement":[{"@type":"ListItem","position":1,"name":"Home","item":"https:\/\/spanishbreak.com\/"},{"@type":"ListItem","position":2,"name":"Boutique","item":"https:\/\/spanishbreak.com\/boutique\/?lang=fr"},{"@type":"ListItem","position":3,"name":"Cours nu artistique &#8211; Mod\u00e8le f\u00e9minin"}]},{"@type":"WebSite","@id":"https:\/\/spanishbreak.com\/#website","url":"https:\/\/spanishbreak.com\/","name":"Spanish Break","description":"Otro sitio realizado con WordPress","publisher":{"@id":"https:\/\/spanishbreak.com\/#organization"},"potentialAction":[{"@type":"SearchAction","target":{"@type":"EntryPoint","urlTemplate":"https:\/\/spanishbreak.com\/?s={search_term_string}"},"query-input":{"@type":"PropertyValueSpecification","valueRequired":true,"valueName":"search_term_string"}}],"inLanguage":"fr-FR"},{"@type":"Organization","@id":"https:\/\/spanishbreak.com\/#organization","name":"Spanish Break","url":"https:\/\/spanishbreak.com\/","logo":{"@type":"ImageObject","inLanguage":"fr-FR","@id":"https:\/\/spanishbreak.com\/#\/schema\/logo\/image\/","url":"https:\/\/spanishbreak.com\/wp-content\/uploads\/2024\/03\/logo-spanish-break.png","contentUrl":"https:\/\/spanishbreak.com\/wp-content\/uploads\/2024\/03\/logo-spanish-break.png","width":323,"height":37,"caption":"Spanish Break"},"image":{"@id":"https:\/\/spanishbreak.com\/#\/schema\/logo\/image\/"},"sameAs":["https:\/\/www.facebook.com\/spanishbreak","https:\/\/www.instagram.com\/spanishbreakbcn\/"]}]}},"_links":{"self":[{"href":"https:\/\/spanishbreak.com\/fr\/wp-json\/wp\/v2\/product\/9041","targetHints":{"allow":["GET"]}}],"collection":[{"href":"https:\/\/spanishbreak.com\/fr\/wp-json\/wp\/v2\/product"}],"about":[{"href":"https:\/\/spanishbreak.com\/fr\/wp-json\/wp\/v2\/types\/product"}],"replies":[{"embeddable":true,"href":"https:\/\/spanishbreak.com\/fr\/wp-json\/wp\/v2\/comments?post=9041"}],"wp:featuredmedia":[{"embeddable":true,"href":"https:\/\/spanishbreak.com\/fr\/wp-json\/wp\/v2\/media\/9040"}],"wp:attachment":[{"href":"https:\/\/spanishbreak.com\/fr\/wp-json\/wp\/v2\/media?parent=9041"}],"wp:term":[{"taxonomy":"product_brand","embeddable":true,"href":"https:\/\/spanishbreak.com\/fr\/wp-json\/wp\/v2\/product_brand?post=9041"},{"taxonomy":"product_cat","embeddable":true,"href":"https:\/\/spanishbreak.com\/fr\/wp-json\/wp\/v2\/product_cat?post=9041"},{"taxonomy":"product_tag","embeddable":true,"href":"https:\/\/spanishbreak.com\/fr\/wp-json\/wp\/v2\/product_tag?post=9041"}],"curies":[{"name":"wp","href":"https:\/\/api.w.org\/{rel}","templated":true}]}}