{"id":9048,"date":"2025-04-08T09:30:45","date_gmt":"2025-04-08T07:30:45","guid":{"rendered":"https:\/\/spanishbreak.com\/product\/paella-cooking-class-market-visit\/"},"modified":"2025-12-17T13:15:46","modified_gmt":"2025-12-17T12:15:46","slug":"paella-cooking-class-market-visit","status":"publish","type":"product","link":"https:\/\/spanishbreak.com\/fr\/product\/paella-cooking-class-market-visit\/","title":{"rendered":"Cours de cuisine de Paella &#038; Visite d\u2019un march\u00e9"},"content":{"rendered":"<p>Embarquez pour un incroyable enterrement de vie de gar\u00e7on ou de jeune fille avec notre cours de cuisine espagnole et notre visite du march\u00e9 de Barcelone ! Id\u00e9ale pour les groupes, cette aventure culinaire immersive vous initiera \u00e0 l&rsquo;art de pr\u00e9parer la paella parfaite.<\/p>\n<p>Vous commencerez ce cours de cuisine par une visite guid\u00e9e d&rsquo;un authentique march\u00e9 local, o\u00f9 les habitants de Barcelone ach\u00e8tent leurs ingr\u00e9dients. Une fois dans la cuisine, notre chef exp\u00e9riment\u00e9 vous guidera \u00e0 travers les \u00e9tapes de la pr\u00e9paration de la paella, tandis que vous d\u00e9gusterez deux d\u00e9licieux verres de sangria accompagn\u00e9s d&rsquo;olives, d&rsquo;une tapita de fuets (salami catalan)et d&rsquo;une savoureuse portion de Patatas Bravas. Pour ceux qui pr\u00e9f\u00e8rent les boissons non alcoolis\u00e9es, de l&rsquo;eau ou des sodas seront disponibles.<\/p>\n<p>Pr\u00e9parez-vous \u00e0 un voyage amusant et savoureux dans la cuisine espagnole, et cr\u00e9ez des souvenirs inoubliables avec vos amis lors de cet enterrement de vie de gar\u00e7on ou de jeune fille.<\/p>\n","protected":false},"excerpt":{"rendered":"<p>Embarquez pour un incroyable enterrement de vie de gar\u00e7on ou de jeune fille avec notre cours de cuisine espagnole et notre visite du march\u00e9 de Barcelone ! Id\u00e9ale pour les groupes, cette aventure culinaire immersive vous initiera \u00e0 l&rsquo;art de pr\u00e9parer la paella parfaite. Vous commencerez ce cours de cuisine par une visite guid\u00e9e d&rsquo;un [&hellip;]<\/p>\n","protected":false},"featured_media":9045,"comment_status":"closed","ping_status":"closed","template":"","meta":{"site-sidebar-layout":"default","site-content-layout":"","ast-site-content-layout":"default","site-content-style":"default","site-sidebar-style":"default","ast-global-header-display":"","ast-banner-title-visibility":"","ast-main-header-display":"","ast-hfb-above-header-display":"","ast-hfb-below-header-display":"","ast-hfb-mobile-header-display":"","site-post-title":"","ast-breadcrumbs-content":"","ast-featured-img":"","footer-sml-layout":"","theme-transparent-header-meta":"default","adv-header-id-meta":"","stick-header-meta":"","header-above-stick-meta":"","header-main-stick-meta":"","header-below-stick-meta":"","astra-migrate-meta-layouts":"set","ast-page-background-enabled":"default","ast-page-background-meta":{"desktop":{"background-color":"var(--ast-global-color-4)","background-image":"","background-repeat":"repeat","background-position":"center center","background-size":"auto","background-attachment":"scroll","background-type":"","background-media":"","overlay-type":"","overlay-color":"","overlay-opacity":"","overlay-gradient":""},"tablet":{"background-color":"","background-image":"","background-repeat":"repeat","background-position":"center center","background-size":"auto","background-attachment":"scroll","background-type":"","background-media":"","overlay-type":"","overlay-color":"","overlay-opacity":"","overlay-gradient":""},"mobile":{"background-color":"","background-image":"","background-repeat":"repeat","background-position":"center center","background-size":"auto","background-attachment":"scroll","background-type":"","background-media":"","overlay-type":"","overlay-color":"","overlay-opacity":"","overlay-gradient":""}},"ast-content-background-meta":{"desktop":{"background-color":"var(--ast-global-color-5)","background-image":"","background-repeat":"repeat","background-position":"center center","background-size":"auto","background-attachment":"scroll","background-type":"","background-media":"","overlay-type":"","overlay-color":"","overlay-opacity":"","overlay-gradient":""},"tablet":{"background-color":"var(--ast-global-color-5)","background-image":"","background-repeat":"repeat","background-position":"center center","background-size":"auto","background-attachment":"scroll","background-type":"","background-media":"","overlay-type":"","overlay-color":"","overlay-opacity":"","overlay-gradient":""},"mobile":{"background-color":"var(--ast-global-color-5)","background-image":"","background-repeat":"repeat","background-position":"center center","background-size":"auto","background-attachment":"scroll","background-type":"","background-media":"","overlay-type":"","overlay-color":"","overlay-opacity":"","overlay-gradient":""}},"repeater_packs":""},"product_brand":[],"product_cat":[68,66,73],"product_tag":[],"class_list":{"0":"post-9048","1":"product","2":"type-product","3":"status-publish","4":"has-post-thumbnail","6":"product_cat-day-time-activities","7":"product_cat-hen-fr-2","8":"product_cat-stag-fr","9":"desktop-align-left","10":"tablet-align-left","11":"mobile-align-left","13":"first","14":"instock","15":"shipping-taxable","16":"product-type-simple"},"yoast_head":"<!-- This site is optimized with the Yoast SEO plugin v26.8 - https:\/\/yoast.com\/product\/yoast-seo-wordpress\/ -->\n<title>Cours de cuisine de Paella &amp; Visite d\u2019un march\u00e9 \u00e0 Barcelone<\/title>\n<meta name=\"description\" content=\"Embarquez pour un incroyable enterrement de vie de gar\u00e7on ou de jeune fille avec notre cours de cuisine espagnole et notre visite du march\u00e9 de Barcelone !\" \/>\n<meta name=\"robots\" content=\"index, follow, max-snippet:-1, max-image-preview:large, max-video-preview:-1\" \/>\n<link rel=\"canonical\" href=\"https:\/\/spanishbreak.com\/fr\/product\/paella-cooking-class-market-visit\/\" \/>\n<meta property=\"og:locale\" content=\"fr_FR\" \/>\n<meta property=\"og:type\" content=\"article\" \/>\n<meta property=\"og:title\" content=\"Cours de cuisine de Paella &amp; Visite d\u2019un march\u00e9 \u00e0 Barcelone\" \/>\n<meta property=\"og:description\" content=\"Embarquez pour un incroyable enterrement de vie de gar\u00e7on ou de jeune fille avec notre cours de cuisine espagnole et notre visite du march\u00e9 de Barcelone !\" \/>\n<meta property=\"og:url\" content=\"https:\/\/spanishbreak.com\/fr\/product\/paella-cooking-class-market-visit\/\" \/>\n<meta property=\"og:site_name\" content=\"Spanishbreak\" \/>\n<meta property=\"article:publisher\" content=\"https:\/\/www.facebook.com\/spanishbreak\" \/>\n<meta property=\"article:modified_time\" content=\"2025-12-17T12:15:46+00:00\" \/>\n<meta property=\"og:image\" content=\"https:\/\/spanishbreak.com\/wp-content\/uploads\/2025\/04\/201505mercat-boqueria-760x428-1.jpg\" \/>\n\t<meta property=\"og:image:width\" content=\"760\" \/>\n\t<meta property=\"og:image:height\" content=\"428\" \/>\n\t<meta property=\"og:image:type\" content=\"image\/jpeg\" \/>\n<meta name=\"twitter:card\" content=\"summary_large_image\" \/>\n<meta name=\"twitter:label1\" content=\"Dur\u00e9e de lecture estim\u00e9e\" \/>\n\t<meta name=\"twitter:data1\" content=\"1 minute\" \/>\n<script type=\"application\/ld+json\" class=\"yoast-schema-graph\">{\"@context\":\"https:\/\/schema.org\",\"@graph\":[{\"@type\":[\"WebPage\",\"ItemPage\"],\"@id\":\"https:\/\/spanishbreak.com\/fr\/product\/paella-cooking-class-market-visit\/\",\"url\":\"https:\/\/spanishbreak.com\/fr\/product\/paella-cooking-class-market-visit\/\",\"name\":\"Cours de cuisine de Paella & Visite d\u2019un march\u00e9 \u00e0 Barcelone\",\"isPartOf\":{\"@id\":\"https:\/\/spanishbreak.com\/#website\"},\"primaryImageOfPage\":{\"@id\":\"https:\/\/spanishbreak.com\/fr\/product\/paella-cooking-class-market-visit\/#primaryimage\"},\"image\":{\"@id\":\"https:\/\/spanishbreak.com\/fr\/product\/paella-cooking-class-market-visit\/#primaryimage\"},\"thumbnailUrl\":\"https:\/\/spanishbreak.com\/wp-content\/uploads\/2025\/04\/201505mercat-boqueria-760x428-1.jpg\",\"datePublished\":\"2025-04-08T07:30:45+00:00\",\"dateModified\":\"2025-12-17T12:15:46+00:00\",\"description\":\"Embarquez pour un incroyable enterrement de vie de gar\u00e7on ou de jeune fille avec notre cours de cuisine espagnole et notre visite du march\u00e9 de Barcelone !\",\"breadcrumb\":{\"@id\":\"https:\/\/spanishbreak.com\/fr\/product\/paella-cooking-class-market-visit\/#breadcrumb\"},\"inLanguage\":\"fr-FR\",\"potentialAction\":[{\"@type\":\"ReadAction\",\"target\":[\"https:\/\/spanishbreak.com\/fr\/product\/paella-cooking-class-market-visit\/\"]}]},{\"@type\":\"ImageObject\",\"inLanguage\":\"fr-FR\",\"@id\":\"https:\/\/spanishbreak.com\/fr\/product\/paella-cooking-class-market-visit\/#primaryimage\",\"url\":\"https:\/\/spanishbreak.com\/wp-content\/uploads\/2025\/04\/201505mercat-boqueria-760x428-1.jpg\",\"contentUrl\":\"https:\/\/spanishbreak.com\/wp-content\/uploads\/2025\/04\/201505mercat-boqueria-760x428-1.jpg\",\"width\":760,\"height\":428},{\"@type\":\"BreadcrumbList\",\"@id\":\"https:\/\/spanishbreak.com\/fr\/product\/paella-cooking-class-market-visit\/#breadcrumb\",\"itemListElement\":[{\"@type\":\"ListItem\",\"position\":1,\"name\":\"Home\",\"item\":\"https:\/\/spanishbreak.com\/\"},{\"@type\":\"ListItem\",\"position\":2,\"name\":\"Boutique\",\"item\":\"https:\/\/spanishbreak.com\/boutique\/?lang=fr\"},{\"@type\":\"ListItem\",\"position\":3,\"name\":\"Cours de cuisine de Paella &#038; Visite d\u2019un march\u00e9\"}]},{\"@type\":\"WebSite\",\"@id\":\"https:\/\/spanishbreak.com\/#website\",\"url\":\"https:\/\/spanishbreak.com\/\",\"name\":\"Spanish Break\",\"description\":\"Otro sitio realizado con WordPress\",\"publisher\":{\"@id\":\"https:\/\/spanishbreak.com\/#organization\"},\"potentialAction\":[{\"@type\":\"SearchAction\",\"target\":{\"@type\":\"EntryPoint\",\"urlTemplate\":\"https:\/\/spanishbreak.com\/?s={search_term_string}\"},\"query-input\":{\"@type\":\"PropertyValueSpecification\",\"valueRequired\":true,\"valueName\":\"search_term_string\"}}],\"inLanguage\":\"fr-FR\"},{\"@type\":\"Organization\",\"@id\":\"https:\/\/spanishbreak.com\/#organization\",\"name\":\"Spanish Break\",\"url\":\"https:\/\/spanishbreak.com\/\",\"logo\":{\"@type\":\"ImageObject\",\"inLanguage\":\"fr-FR\",\"@id\":\"https:\/\/spanishbreak.com\/#\/schema\/logo\/image\/\",\"url\":\"https:\/\/spanishbreak.com\/wp-content\/uploads\/2024\/03\/logo-spanish-break.png\",\"contentUrl\":\"https:\/\/spanishbreak.com\/wp-content\/uploads\/2024\/03\/logo-spanish-break.png\",\"width\":323,\"height\":37,\"caption\":\"Spanish Break\"},\"image\":{\"@id\":\"https:\/\/spanishbreak.com\/#\/schema\/logo\/image\/\"},\"sameAs\":[\"https:\/\/www.facebook.com\/spanishbreak\",\"https:\/\/www.instagram.com\/spanishbreakbcn\/\"]}]}<\/script>\n<!-- \/ Yoast SEO plugin. -->","yoast_head_json":{"title":"Cours de cuisine de Paella & Visite d\u2019un march\u00e9 \u00e0 Barcelone","description":"Embarquez pour un incroyable enterrement de vie de gar\u00e7on ou de jeune fille avec notre cours de cuisine espagnole et notre visite du march\u00e9 de Barcelone !","robots":{"index":"index","follow":"follow","max-snippet":"max-snippet:-1","max-image-preview":"max-image-preview:large","max-video-preview":"max-video-preview:-1"},"canonical":"https:\/\/spanishbreak.com\/fr\/product\/paella-cooking-class-market-visit\/","og_locale":"fr_FR","og_type":"article","og_title":"Cours de cuisine de Paella & Visite d\u2019un march\u00e9 \u00e0 Barcelone","og_description":"Embarquez pour un incroyable enterrement de vie de gar\u00e7on ou de jeune fille avec notre cours de cuisine espagnole et notre visite du march\u00e9 de Barcelone !","og_url":"https:\/\/spanishbreak.com\/fr\/product\/paella-cooking-class-market-visit\/","og_site_name":"Spanishbreak","article_publisher":"https:\/\/www.facebook.com\/spanishbreak","article_modified_time":"2025-12-17T12:15:46+00:00","og_image":[{"width":760,"height":428,"url":"https:\/\/spanishbreak.com\/wp-content\/uploads\/2025\/04\/201505mercat-boqueria-760x428-1.jpg","type":"image\/jpeg"}],"twitter_card":"summary_large_image","twitter_misc":{"Dur\u00e9e de lecture estim\u00e9e":"1 minute"},"schema":{"@context":"https:\/\/schema.org","@graph":[{"@type":["WebPage","ItemPage"],"@id":"https:\/\/spanishbreak.com\/fr\/product\/paella-cooking-class-market-visit\/","url":"https:\/\/spanishbreak.com\/fr\/product\/paella-cooking-class-market-visit\/","name":"Cours de cuisine de Paella & Visite d\u2019un march\u00e9 \u00e0 Barcelone","isPartOf":{"@id":"https:\/\/spanishbreak.com\/#website"},"primaryImageOfPage":{"@id":"https:\/\/spanishbreak.com\/fr\/product\/paella-cooking-class-market-visit\/#primaryimage"},"image":{"@id":"https:\/\/spanishbreak.com\/fr\/product\/paella-cooking-class-market-visit\/#primaryimage"},"thumbnailUrl":"https:\/\/spanishbreak.com\/wp-content\/uploads\/2025\/04\/201505mercat-boqueria-760x428-1.jpg","datePublished":"2025-04-08T07:30:45+00:00","dateModified":"2025-12-17T12:15:46+00:00","description":"Embarquez pour un incroyable enterrement de vie de gar\u00e7on ou de jeune fille avec notre cours de cuisine espagnole et notre visite du march\u00e9 de Barcelone !","breadcrumb":{"@id":"https:\/\/spanishbreak.com\/fr\/product\/paella-cooking-class-market-visit\/#breadcrumb"},"inLanguage":"fr-FR","potentialAction":[{"@type":"ReadAction","target":["https:\/\/spanishbreak.com\/fr\/product\/paella-cooking-class-market-visit\/"]}]},{"@type":"ImageObject","inLanguage":"fr-FR","@id":"https:\/\/spanishbreak.com\/fr\/product\/paella-cooking-class-market-visit\/#primaryimage","url":"https:\/\/spanishbreak.com\/wp-content\/uploads\/2025\/04\/201505mercat-boqueria-760x428-1.jpg","contentUrl":"https:\/\/spanishbreak.com\/wp-content\/uploads\/2025\/04\/201505mercat-boqueria-760x428-1.jpg","width":760,"height":428},{"@type":"BreadcrumbList","@id":"https:\/\/spanishbreak.com\/fr\/product\/paella-cooking-class-market-visit\/#breadcrumb","itemListElement":[{"@type":"ListItem","position":1,"name":"Home","item":"https:\/\/spanishbreak.com\/"},{"@type":"ListItem","position":2,"name":"Boutique","item":"https:\/\/spanishbreak.com\/boutique\/?lang=fr"},{"@type":"ListItem","position":3,"name":"Cours de cuisine de Paella &#038; Visite d\u2019un march\u00e9"}]},{"@type":"WebSite","@id":"https:\/\/spanishbreak.com\/#website","url":"https:\/\/spanishbreak.com\/","name":"Spanish Break","description":"Otro sitio realizado con WordPress","publisher":{"@id":"https:\/\/spanishbreak.com\/#organization"},"potentialAction":[{"@type":"SearchAction","target":{"@type":"EntryPoint","urlTemplate":"https:\/\/spanishbreak.com\/?s={search_term_string}"},"query-input":{"@type":"PropertyValueSpecification","valueRequired":true,"valueName":"search_term_string"}}],"inLanguage":"fr-FR"},{"@type":"Organization","@id":"https:\/\/spanishbreak.com\/#organization","name":"Spanish Break","url":"https:\/\/spanishbreak.com\/","logo":{"@type":"ImageObject","inLanguage":"fr-FR","@id":"https:\/\/spanishbreak.com\/#\/schema\/logo\/image\/","url":"https:\/\/spanishbreak.com\/wp-content\/uploads\/2024\/03\/logo-spanish-break.png","contentUrl":"https:\/\/spanishbreak.com\/wp-content\/uploads\/2024\/03\/logo-spanish-break.png","width":323,"height":37,"caption":"Spanish Break"},"image":{"@id":"https:\/\/spanishbreak.com\/#\/schema\/logo\/image\/"},"sameAs":["https:\/\/www.facebook.com\/spanishbreak","https:\/\/www.instagram.com\/spanishbreakbcn\/"]}]}},"_links":{"self":[{"href":"https:\/\/spanishbreak.com\/fr\/wp-json\/wp\/v2\/product\/9048","targetHints":{"allow":["GET"]}}],"collection":[{"href":"https:\/\/spanishbreak.com\/fr\/wp-json\/wp\/v2\/product"}],"about":[{"href":"https:\/\/spanishbreak.com\/fr\/wp-json\/wp\/v2\/types\/product"}],"replies":[{"embeddable":true,"href":"https:\/\/spanishbreak.com\/fr\/wp-json\/wp\/v2\/comments?post=9048"}],"wp:featuredmedia":[{"embeddable":true,"href":"https:\/\/spanishbreak.com\/fr\/wp-json\/wp\/v2\/media\/9045"}],"wp:attachment":[{"href":"https:\/\/spanishbreak.com\/fr\/wp-json\/wp\/v2\/media?parent=9048"}],"wp:term":[{"taxonomy":"product_brand","embeddable":true,"href":"https:\/\/spanishbreak.com\/fr\/wp-json\/wp\/v2\/product_brand?post=9048"},{"taxonomy":"product_cat","embeddable":true,"href":"https:\/\/spanishbreak.com\/fr\/wp-json\/wp\/v2\/product_cat?post=9048"},{"taxonomy":"product_tag","embeddable":true,"href":"https:\/\/spanishbreak.com\/fr\/wp-json\/wp\/v2\/product_tag?post=9048"}],"curies":[{"name":"wp","href":"https:\/\/api.w.org\/{rel}","templated":true}]}}