{"id":9052,"date":"2025-04-08T10:06:19","date_gmt":"2025-04-08T08:06:19","guid":{"rendered":"https:\/\/spanishbreak.com\/product\/paella-cooking-class-sangria\/"},"modified":"2025-12-17T13:15:02","modified_gmt":"2025-12-17T12:15:02","slug":"paella-cooking-class-sangria","status":"publish","type":"product","link":"https:\/\/spanishbreak.com\/fr\/product\/paella-cooking-class-sangria\/","title":{"rendered":"Cours de cuisine de Paella &#038; Sangr\u00eda"},"content":{"rendered":"<p>Embarquez pour un incroyable enterrement de vie de gar\u00e7on ou de jeune fille avec notre cours de cuisine espagnole et Sangria \u00e0 Barcelone ! Id\u00e9ale pour les groupes, cette aventure culinaire immersive vous initiera \u00e0 l&rsquo;art de pr\u00e9parer la paella parfaite.<\/p>\n<p>Notre chef exp\u00e9riment\u00e9 vous guidera tout au long du processus de fabrication de la paella, tandis que vous d\u00e9gusterez deux d\u00e9licieux verres de sangria. Pour ceux qui pr\u00e9f\u00e8rent les boissons non alcoolis\u00e9es, de l&rsquo;eau ou des sodas seront \u00e0 leur disposition.<\/p>\n<p>Pr\u00e9parez-vous \u00e0 un voyage amusant et savoureux dans la cuisine espagnole, et cr\u00e9ez des souvenirs inoubliables avec vos amis lors de cet enterrement de vie de gar\u00e7on ou de jeune fille.<\/p>\n","protected":false},"excerpt":{"rendered":"<p>Embarquez pour un incroyable enterrement de vie de gar\u00e7on ou de jeune fille avec notre cours de cuisine espagnole et Sangria \u00e0 Barcelone ! Id\u00e9ale pour les groupes, cette aventure culinaire immersive vous initiera \u00e0 l&rsquo;art de pr\u00e9parer la paella parfaite. Notre chef exp\u00e9riment\u00e9 vous guidera tout au long du processus de fabrication de la [&hellip;]<\/p>\n","protected":false},"featured_media":7286,"comment_status":"closed","ping_status":"closed","template":"","meta":{"site-sidebar-layout":"default","site-content-layout":"","ast-site-content-layout":"default","site-content-style":"default","site-sidebar-style":"default","ast-global-header-display":"","ast-banner-title-visibility":"","ast-main-header-display":"","ast-hfb-above-header-display":"","ast-hfb-below-header-display":"","ast-hfb-mobile-header-display":"","site-post-title":"","ast-breadcrumbs-content":"","ast-featured-img":"","footer-sml-layout":"","theme-transparent-header-meta":"default","adv-header-id-meta":"","stick-header-meta":"","header-above-stick-meta":"","header-main-stick-meta":"","header-below-stick-meta":"","astra-migrate-meta-layouts":"set","ast-page-background-enabled":"default","ast-page-background-meta":{"desktop":{"background-color":"var(--ast-global-color-4)","background-image":"","background-repeat":"repeat","background-position":"center center","background-size":"auto","background-attachment":"scroll","background-type":"","background-media":"","overlay-type":"","overlay-color":"","overlay-opacity":"","overlay-gradient":""},"tablet":{"background-color":"","background-image":"","background-repeat":"repeat","background-position":"center center","background-size":"auto","background-attachment":"scroll","background-type":"","background-media":"","overlay-type":"","overlay-color":"","overlay-opacity":"","overlay-gradient":""},"mobile":{"background-color":"","background-image":"","background-repeat":"repeat","background-position":"center center","background-size":"auto","background-attachment":"scroll","background-type":"","background-media":"","overlay-type":"","overlay-color":"","overlay-opacity":"","overlay-gradient":""}},"ast-content-background-meta":{"desktop":{"background-color":"var(--ast-global-color-5)","background-image":"","background-repeat":"repeat","background-position":"center center","background-size":"auto","background-attachment":"scroll","background-type":"","background-media":"","overlay-type":"","overlay-color":"","overlay-opacity":"","overlay-gradient":""},"tablet":{"background-color":"var(--ast-global-color-5)","background-image":"","background-repeat":"repeat","background-position":"center center","background-size":"auto","background-attachment":"scroll","background-type":"","background-media":"","overlay-type":"","overlay-color":"","overlay-opacity":"","overlay-gradient":""},"mobile":{"background-color":"var(--ast-global-color-5)","background-image":"","background-repeat":"repeat","background-position":"center center","background-size":"auto","background-attachment":"scroll","background-type":"","background-media":"","overlay-type":"","overlay-color":"","overlay-opacity":"","overlay-gradient":""}},"repeater_packs":""},"product_brand":[],"product_cat":[68,66,73],"product_tag":[],"class_list":{"0":"post-9052","1":"product","2":"type-product","3":"status-publish","4":"has-post-thumbnail","6":"product_cat-day-time-activities","7":"product_cat-hen-fr-2","8":"product_cat-stag-fr","9":"desktop-align-left","10":"tablet-align-left","11":"mobile-align-left","13":"first","14":"instock","15":"shipping-taxable","16":"product-type-simple"},"yoast_head":"<!-- This site is optimized with the Yoast SEO plugin v26.8 - https:\/\/yoast.com\/product\/yoast-seo-wordpress\/ -->\n<title>Cours de cuisine de Paella &amp; Sangr\u00eda \u00e0 Barcelone<\/title>\n<meta name=\"description\" content=\"Embarquez pour un incroyable enterrement de vie de gar\u00e7on ou de jeune fille avec notre cours de cuisine espagnole et Sangria \u00e0 Barcelone ! Id\u00e9ale pour les\" \/>\n<meta name=\"robots\" content=\"index, follow, max-snippet:-1, max-image-preview:large, max-video-preview:-1\" \/>\n<link rel=\"canonical\" href=\"https:\/\/spanishbreak.com\/fr\/product\/paella-cooking-class-sangria\/\" \/>\n<meta property=\"og:locale\" content=\"fr_FR\" \/>\n<meta property=\"og:type\" content=\"article\" \/>\n<meta property=\"og:title\" content=\"Cours de cuisine de Paella &amp; Sangr\u00eda \u00e0 Barcelone\" \/>\n<meta property=\"og:description\" content=\"Embarquez pour un incroyable enterrement de vie de gar\u00e7on ou de jeune fille avec notre cours de cuisine espagnole et Sangria \u00e0 Barcelone ! Id\u00e9ale pour les\" \/>\n<meta property=\"og:url\" content=\"https:\/\/spanishbreak.com\/fr\/product\/paella-cooking-class-sangria\/\" \/>\n<meta property=\"og:site_name\" content=\"Spanishbreak\" \/>\n<meta property=\"article:publisher\" content=\"https:\/\/www.facebook.com\/spanishbreak\" \/>\n<meta property=\"article:modified_time\" content=\"2025-12-17T12:15:02+00:00\" \/>\n<meta property=\"og:image\" content=\"https:\/\/spanishbreak.com\/wp-content\/uploads\/2024\/06\/Depositphotos_74470665_original-scaled.jpg\" \/>\n\t<meta property=\"og:image:width\" content=\"2560\" \/>\n\t<meta property=\"og:image:height\" content=\"1709\" \/>\n\t<meta property=\"og:image:type\" content=\"image\/jpeg\" \/>\n<meta name=\"twitter:card\" content=\"summary_large_image\" \/>\n<meta name=\"twitter:label1\" content=\"Dur\u00e9e de lecture estim\u00e9e\" \/>\n\t<meta name=\"twitter:data1\" content=\"1 minute\" \/>\n<script type=\"application\/ld+json\" class=\"yoast-schema-graph\">{\"@context\":\"https:\/\/schema.org\",\"@graph\":[{\"@type\":[\"WebPage\",\"ItemPage\"],\"@id\":\"https:\/\/spanishbreak.com\/fr\/product\/paella-cooking-class-sangria\/\",\"url\":\"https:\/\/spanishbreak.com\/fr\/product\/paella-cooking-class-sangria\/\",\"name\":\"Cours de cuisine de Paella & Sangr\u00eda \u00e0 Barcelone\",\"isPartOf\":{\"@id\":\"https:\/\/spanishbreak.com\/#website\"},\"primaryImageOfPage\":{\"@id\":\"https:\/\/spanishbreak.com\/fr\/product\/paella-cooking-class-sangria\/#primaryimage\"},\"image\":{\"@id\":\"https:\/\/spanishbreak.com\/fr\/product\/paella-cooking-class-sangria\/#primaryimage\"},\"thumbnailUrl\":\"https:\/\/spanishbreak.com\/wp-content\/uploads\/2024\/06\/Depositphotos_74470665_original-scaled.jpg\",\"datePublished\":\"2025-04-08T08:06:19+00:00\",\"dateModified\":\"2025-12-17T12:15:02+00:00\",\"description\":\"Embarquez pour un incroyable enterrement de vie de gar\u00e7on ou de jeune fille avec notre cours de cuisine espagnole et Sangria \u00e0 Barcelone ! Id\u00e9ale pour les\",\"breadcrumb\":{\"@id\":\"https:\/\/spanishbreak.com\/fr\/product\/paella-cooking-class-sangria\/#breadcrumb\"},\"inLanguage\":\"fr-FR\",\"potentialAction\":[{\"@type\":\"ReadAction\",\"target\":[\"https:\/\/spanishbreak.com\/fr\/product\/paella-cooking-class-sangria\/\"]}]},{\"@type\":\"ImageObject\",\"inLanguage\":\"fr-FR\",\"@id\":\"https:\/\/spanishbreak.com\/fr\/product\/paella-cooking-class-sangria\/#primaryimage\",\"url\":\"https:\/\/spanishbreak.com\/wp-content\/uploads\/2024\/06\/Depositphotos_74470665_original-scaled.jpg\",\"contentUrl\":\"https:\/\/spanishbreak.com\/wp-content\/uploads\/2024\/06\/Depositphotos_74470665_original-scaled.jpg\",\"width\":2560,\"height\":1709,\"caption\":\"Top view of typical spanish seafood paella in traditional pan on a rustic wooden background\"},{\"@type\":\"BreadcrumbList\",\"@id\":\"https:\/\/spanishbreak.com\/fr\/product\/paella-cooking-class-sangria\/#breadcrumb\",\"itemListElement\":[{\"@type\":\"ListItem\",\"position\":1,\"name\":\"Home\",\"item\":\"https:\/\/spanishbreak.com\/\"},{\"@type\":\"ListItem\",\"position\":2,\"name\":\"Boutique\",\"item\":\"https:\/\/spanishbreak.com\/boutique\/?lang=fr\"},{\"@type\":\"ListItem\",\"position\":3,\"name\":\"Cours de cuisine de Paella &#038; Sangr\u00eda\"}]},{\"@type\":\"WebSite\",\"@id\":\"https:\/\/spanishbreak.com\/#website\",\"url\":\"https:\/\/spanishbreak.com\/\",\"name\":\"Spanish Break\",\"description\":\"Otro sitio realizado con WordPress\",\"publisher\":{\"@id\":\"https:\/\/spanishbreak.com\/#organization\"},\"potentialAction\":[{\"@type\":\"SearchAction\",\"target\":{\"@type\":\"EntryPoint\",\"urlTemplate\":\"https:\/\/spanishbreak.com\/?s={search_term_string}\"},\"query-input\":{\"@type\":\"PropertyValueSpecification\",\"valueRequired\":true,\"valueName\":\"search_term_string\"}}],\"inLanguage\":\"fr-FR\"},{\"@type\":\"Organization\",\"@id\":\"https:\/\/spanishbreak.com\/#organization\",\"name\":\"Spanish Break\",\"url\":\"https:\/\/spanishbreak.com\/\",\"logo\":{\"@type\":\"ImageObject\",\"inLanguage\":\"fr-FR\",\"@id\":\"https:\/\/spanishbreak.com\/#\/schema\/logo\/image\/\",\"url\":\"https:\/\/spanishbreak.com\/wp-content\/uploads\/2024\/03\/logo-spanish-break.png\",\"contentUrl\":\"https:\/\/spanishbreak.com\/wp-content\/uploads\/2024\/03\/logo-spanish-break.png\",\"width\":323,\"height\":37,\"caption\":\"Spanish Break\"},\"image\":{\"@id\":\"https:\/\/spanishbreak.com\/#\/schema\/logo\/image\/\"},\"sameAs\":[\"https:\/\/www.facebook.com\/spanishbreak\",\"https:\/\/www.instagram.com\/spanishbreakbcn\/\"]}]}<\/script>\n<!-- \/ Yoast SEO plugin. -->","yoast_head_json":{"title":"Cours de cuisine de Paella & Sangr\u00eda \u00e0 Barcelone","description":"Embarquez pour un incroyable enterrement de vie de gar\u00e7on ou de jeune fille avec notre cours de cuisine espagnole et Sangria \u00e0 Barcelone ! Id\u00e9ale pour les","robots":{"index":"index","follow":"follow","max-snippet":"max-snippet:-1","max-image-preview":"max-image-preview:large","max-video-preview":"max-video-preview:-1"},"canonical":"https:\/\/spanishbreak.com\/fr\/product\/paella-cooking-class-sangria\/","og_locale":"fr_FR","og_type":"article","og_title":"Cours de cuisine de Paella & Sangr\u00eda \u00e0 Barcelone","og_description":"Embarquez pour un incroyable enterrement de vie de gar\u00e7on ou de jeune fille avec notre cours de cuisine espagnole et Sangria \u00e0 Barcelone ! Id\u00e9ale pour les","og_url":"https:\/\/spanishbreak.com\/fr\/product\/paella-cooking-class-sangria\/","og_site_name":"Spanishbreak","article_publisher":"https:\/\/www.facebook.com\/spanishbreak","article_modified_time":"2025-12-17T12:15:02+00:00","og_image":[{"width":2560,"height":1709,"url":"https:\/\/spanishbreak.com\/wp-content\/uploads\/2024\/06\/Depositphotos_74470665_original-scaled.jpg","type":"image\/jpeg"}],"twitter_card":"summary_large_image","twitter_misc":{"Dur\u00e9e de lecture estim\u00e9e":"1 minute"},"schema":{"@context":"https:\/\/schema.org","@graph":[{"@type":["WebPage","ItemPage"],"@id":"https:\/\/spanishbreak.com\/fr\/product\/paella-cooking-class-sangria\/","url":"https:\/\/spanishbreak.com\/fr\/product\/paella-cooking-class-sangria\/","name":"Cours de cuisine de Paella & Sangr\u00eda \u00e0 Barcelone","isPartOf":{"@id":"https:\/\/spanishbreak.com\/#website"},"primaryImageOfPage":{"@id":"https:\/\/spanishbreak.com\/fr\/product\/paella-cooking-class-sangria\/#primaryimage"},"image":{"@id":"https:\/\/spanishbreak.com\/fr\/product\/paella-cooking-class-sangria\/#primaryimage"},"thumbnailUrl":"https:\/\/spanishbreak.com\/wp-content\/uploads\/2024\/06\/Depositphotos_74470665_original-scaled.jpg","datePublished":"2025-04-08T08:06:19+00:00","dateModified":"2025-12-17T12:15:02+00:00","description":"Embarquez pour un incroyable enterrement de vie de gar\u00e7on ou de jeune fille avec notre cours de cuisine espagnole et Sangria \u00e0 Barcelone ! Id\u00e9ale pour les","breadcrumb":{"@id":"https:\/\/spanishbreak.com\/fr\/product\/paella-cooking-class-sangria\/#breadcrumb"},"inLanguage":"fr-FR","potentialAction":[{"@type":"ReadAction","target":["https:\/\/spanishbreak.com\/fr\/product\/paella-cooking-class-sangria\/"]}]},{"@type":"ImageObject","inLanguage":"fr-FR","@id":"https:\/\/spanishbreak.com\/fr\/product\/paella-cooking-class-sangria\/#primaryimage","url":"https:\/\/spanishbreak.com\/wp-content\/uploads\/2024\/06\/Depositphotos_74470665_original-scaled.jpg","contentUrl":"https:\/\/spanishbreak.com\/wp-content\/uploads\/2024\/06\/Depositphotos_74470665_original-scaled.jpg","width":2560,"height":1709,"caption":"Top view of typical spanish seafood paella in traditional pan on a rustic wooden background"},{"@type":"BreadcrumbList","@id":"https:\/\/spanishbreak.com\/fr\/product\/paella-cooking-class-sangria\/#breadcrumb","itemListElement":[{"@type":"ListItem","position":1,"name":"Home","item":"https:\/\/spanishbreak.com\/"},{"@type":"ListItem","position":2,"name":"Boutique","item":"https:\/\/spanishbreak.com\/boutique\/?lang=fr"},{"@type":"ListItem","position":3,"name":"Cours de cuisine de Paella &#038; Sangr\u00eda"}]},{"@type":"WebSite","@id":"https:\/\/spanishbreak.com\/#website","url":"https:\/\/spanishbreak.com\/","name":"Spanish Break","description":"Otro sitio realizado con WordPress","publisher":{"@id":"https:\/\/spanishbreak.com\/#organization"},"potentialAction":[{"@type":"SearchAction","target":{"@type":"EntryPoint","urlTemplate":"https:\/\/spanishbreak.com\/?s={search_term_string}"},"query-input":{"@type":"PropertyValueSpecification","valueRequired":true,"valueName":"search_term_string"}}],"inLanguage":"fr-FR"},{"@type":"Organization","@id":"https:\/\/spanishbreak.com\/#organization","name":"Spanish Break","url":"https:\/\/spanishbreak.com\/","logo":{"@type":"ImageObject","inLanguage":"fr-FR","@id":"https:\/\/spanishbreak.com\/#\/schema\/logo\/image\/","url":"https:\/\/spanishbreak.com\/wp-content\/uploads\/2024\/03\/logo-spanish-break.png","contentUrl":"https:\/\/spanishbreak.com\/wp-content\/uploads\/2024\/03\/logo-spanish-break.png","width":323,"height":37,"caption":"Spanish Break"},"image":{"@id":"https:\/\/spanishbreak.com\/#\/schema\/logo\/image\/"},"sameAs":["https:\/\/www.facebook.com\/spanishbreak","https:\/\/www.instagram.com\/spanishbreakbcn\/"]}]}},"_links":{"self":[{"href":"https:\/\/spanishbreak.com\/fr\/wp-json\/wp\/v2\/product\/9052","targetHints":{"allow":["GET"]}}],"collection":[{"href":"https:\/\/spanishbreak.com\/fr\/wp-json\/wp\/v2\/product"}],"about":[{"href":"https:\/\/spanishbreak.com\/fr\/wp-json\/wp\/v2\/types\/product"}],"replies":[{"embeddable":true,"href":"https:\/\/spanishbreak.com\/fr\/wp-json\/wp\/v2\/comments?post=9052"}],"wp:featuredmedia":[{"embeddable":true,"href":"https:\/\/spanishbreak.com\/fr\/wp-json\/wp\/v2\/media\/7286"}],"wp:attachment":[{"href":"https:\/\/spanishbreak.com\/fr\/wp-json\/wp\/v2\/media?parent=9052"}],"wp:term":[{"taxonomy":"product_brand","embeddable":true,"href":"https:\/\/spanishbreak.com\/fr\/wp-json\/wp\/v2\/product_brand?post=9052"},{"taxonomy":"product_cat","embeddable":true,"href":"https:\/\/spanishbreak.com\/fr\/wp-json\/wp\/v2\/product_cat?post=9052"},{"taxonomy":"product_tag","embeddable":true,"href":"https:\/\/spanishbreak.com\/fr\/wp-json\/wp\/v2\/product_tag?post=9052"}],"curies":[{"name":"wp","href":"https:\/\/api.w.org\/{rel}","templated":true}]}}